{"id":3477,"date":"2020-12-01T15:43:46","date_gmt":"2020-12-01T14:43:46","guid":{"rendered":"https:\/\/augustine.qodeinteractive.com\/?page_id=3477"},"modified":"2024-08-26T11:19:48","modified_gmt":"2024-08-26T09:19:48","slug":"contact","status":"publish","type":"page","link":"https:\/\/hotel-lemitigana.fr\/index.php\/contact\/","title":{"rendered":"Contact"},"content":{"rendered":"\t\t<div data-elementor-type=\"wp-page\" data-elementor-id=\"3477\" class=\"elementor elementor-3477\">\n\t\t\t\t\t\t<section class=\"elementor-section elementor-top-section elementor-element elementor-element-ae0cc46 elementor-section-boxed elementor-section-height-default elementor-section-height-default qodef-elementor-content-no\" data-id=\"ae0cc46\" data-element_type=\"section\">\n\t\t\t\t\t\t<div class=\"elementor-container elementor-column-gap-default\">\n\t\t\t\t\t<div class=\"elementor-column elementor-col-100 elementor-top-column elementor-element elementor-element-d82e9a4\" data-id=\"d82e9a4\" data-element_type=\"column\">\n\t\t\t<div class=\"elementor-widget-wrap elementor-element-populated\">\n\t\t\t\t\t\t<div class=\"elementor-element elementor-element-4264de6 elementor-widget elementor-widget-text-editor\" data-id=\"4264de6\" data-element_type=\"widget\" data-widget_type=\"text-editor.default\">\n\t\t\t\t<div class=\"elementor-widget-container\">\n\t\t\t\t\t\t\t\t\t<p style=\"text-align: center;\">Votre restaurant est ouvert du <strong>mercredi au dimanche<\/strong> pour le d\u00e9jeuner de <strong>12h15 \u00e0 13h30<\/strong>.<\/p><p style=\"text-align: center;\">et du <strong>mercredi au samedi<\/strong> pour le d\u00eener de <strong>19h15 \u00e0 21h30<\/strong>.<\/p><p style=\"text-align: center;\">Restaurant ferm\u00e9 le dimanche soir. Le lundi et mardi soir, les clients de l&rsquo;h\u00f4tel peuvent se restaurer au d\u00eener.<\/p><p style=\"text-align: center;\">L&rsquo;H\u00f4tel est ouvert tous les soirs sauf le dimanche soir, sauf sur demande du groupe.<\/p><p style=\"text-align: center;\"><strong>Arriv\u00e9es \u00e0 partir de 15h00 d\u00e9part jusqu&rsquo;\u00e0 11h00 le matin<\/strong>.<\/p>\t\t\t\t\t\t\t\t<\/div>\n\t\t\t\t<\/div>\n\t\t\t\t\t<\/div>\n\t\t<\/div>\n\t\t\t\t\t<\/div>\n\t\t<\/section>\n\t\t\t\t<section class=\"elementor-section elementor-top-section elementor-element elementor-element-487067a elementor-section-boxed elementor-section-height-default elementor-section-height-default qodef-elementor-content-no\" data-id=\"487067a\" data-element_type=\"section\">\n\t\t\t\t\t\t<div class=\"elementor-container elementor-column-gap-default\">\n\t\t\t\t\t<div class=\"elementor-column elementor-col-100 elementor-top-column elementor-element elementor-element-611e10d\" data-id=\"611e10d\" data-element_type=\"column\">\n\t\t\t<div class=\"elementor-widget-wrap elementor-element-populated\">\n\t\t\t\t\t\t<div class=\"elementor-element elementor-element-3193943 elementor-widget-divider--view-line elementor-widget elementor-widget-divider\" data-id=\"3193943\" data-element_type=\"widget\" data-widget_type=\"divider.default\">\n\t\t\t\t<div class=\"elementor-widget-container\">\n\t\t\t\t\t\t\t<div class=\"elementor-divider\">\n\t\t\t<span class=\"elementor-divider-separator\">\n\t\t\t\t\t\t<\/span>\n\t\t<\/div>\n\t\t\t\t\t\t<\/div>\n\t\t\t\t<\/div>\n\t\t\t\t\t<\/div>\n\t\t<\/div>\n\t\t\t\t\t<\/div>\n\t\t<\/section>\n\t\t\t\t<section class=\"elementor-section elementor-top-section elementor-element elementor-element-16ff598c elementor-section-full_width elementor-section-height-default elementor-section-height-default qodef-elementor-content-no\" data-id=\"16ff598c\" data-element_type=\"section\">\n\t\t\t\t\t\t<div class=\"elementor-container elementor-column-gap-default\">\n\t\t\t\t\t<div class=\"elementor-column elementor-col-100 elementor-top-column elementor-element elementor-element-790400d4\" data-id=\"790400d4\" data-element_type=\"column\">\n\t\t\t<div class=\"elementor-widget-wrap elementor-element-populated\">\n\t\t\t\t\t\t<div class=\"elementor-element elementor-element-74446db elementor-widget elementor-widget-augustine_core_section_title\" data-id=\"74446db\" data-element_type=\"widget\" data-widget_type=\"augustine_core_section_title.default\">\n\t\t\t\t<div class=\"elementor-widget-container\">\n\t\t\t\t\t<div class=\"qodef-shortcode qodef-m  qodef-section-title qodef-alignment--left  qodef-title-appear qodef-title-alt-appear  \">\r\n\t\t\t\t<h2 class=\"qodef-m-title\" >\r\n\t\t\t\t\tNous Contacter\t\t\t<\/h2>\r\n\t\t<\/div>\t\t\t\t<\/div>\n\t\t\t\t<\/div>\n\t\t\t\t\t<\/div>\n\t\t<\/div>\n\t\t\t\t\t<\/div>\n\t\t<\/section>\n\t\t\t\t<section class=\"elementor-section elementor-top-section elementor-element elementor-element-6e51a79e qodef-elementor-content-grid qodef-extended-grid qodef-extended-grid--right qodef-green-white-hover elementor-section-boxed elementor-section-height-default elementor-section-height-default\" data-id=\"6e51a79e\" data-element_type=\"section\">\n\t\t\t\t\t\t<div class=\"elementor-container elementor-column-gap-default\">\n\t\t\t\t\t<div class=\"elementor-column elementor-col-50 elementor-top-column elementor-element elementor-element-2936e20e\" data-id=\"2936e20e\" data-element_type=\"column\">\n\t\t\t<div class=\"elementor-widget-wrap elementor-element-populated\">\n\t\t\t\t\t\t<div class=\"elementor-element elementor-element-59ffcda elementor-widget__width-initial elementor-widget-tablet__width-initial elementor-widget elementor-widget-text-editor\" data-id=\"59ffcda\" data-element_type=\"widget\" data-widget_type=\"text-editor.default\">\n\t\t\t\t<div class=\"elementor-widget-container\">\n\t\t\t\t\t\t\t\t\t<p>Situ\u00e9e au c\u0153ur de l&rsquo;Yonne, Migennes se trouve \u00e0 21 km d&rsquo;Auxerre, 40 km de Sens, 66 km de Troyes et 75 km de Montargis. Elle est localis\u00e9e quasiment \u00e0 \u00e9quidistance entre Paris (160 km) et Dijon (169 km). Sortie d&rsquo;autoroute n\u00b019 \u201cAuxerre nord\u201d \u00e0 15 minutes en voiture. Notre h\u00f4tel est face \u00e0 la gare de Laroche-Migennes, \u00e0 1h25 de Paris Bercy en TER, 1 train\/heure.<\/p>\t\t\t\t\t\t\t\t<\/div>\n\t\t\t\t<\/div>\n\t\t\t\t<section class=\"elementor-section elementor-inner-section elementor-element elementor-element-403f2086 elementor-section-boxed elementor-section-height-default elementor-section-height-default qodef-elementor-content-no\" data-id=\"403f2086\" data-element_type=\"section\">\n\t\t\t\t\t\t<div class=\"elementor-container elementor-column-gap-default\">\n\t\t\t\t\t<div class=\"elementor-column elementor-col-100 elementor-inner-column elementor-element elementor-element-8ae64c1\" data-id=\"8ae64c1\" data-element_type=\"column\">\n\t\t\t<div class=\"elementor-widget-wrap elementor-element-populated\">\n\t\t\t\t\t\t<div class=\"elementor-element elementor-element-2ab2f500 elementor-widget__width-initial elementor-widget elementor-widget-augustine_core_icon_with_text\" data-id=\"2ab2f500\" data-element_type=\"widget\" data-widget_type=\"augustine_core_icon_with_text.default\">\n\t\t\t\t<div class=\"elementor-widget-container\">\n\t\t\t\t\t<div class=\"qodef-shortcode qodef-m  qodef-icon-with-text qodef-layout--before-content qodef--icon-pack \">\r\n\t<div class=\"qodef-m-icon-wrapper\">\r\n\t\t<span class=\"qodef-shortcode qodef-m  qodef-icon-holder qodef-size--default qodef-layout--normal\"  >\r\t        <span class=\"qodef-icon-linea-icons icon-basic-geolocalize-01 qodef-icon qodef-e\" style=\"color: #E3B674;font-size: 25px\" ><\/span>    <\/span>\t<\/div>\r\n\t<div class=\"qodef-m-content\">\r\n\t\t\t\t\t<\/div>\r\n<\/div>\t\t\t\t<\/div>\n\t\t\t\t<\/div>\n\t\t\t\t<div class=\"elementor-element elementor-element-55e5c420 elementor-widget__width-initial elementor-widget-mobile__width-initial elementor-widget elementor-widget-text-editor\" data-id=\"55e5c420\" data-element_type=\"widget\" data-widget_type=\"text-editor.default\">\n\t\t\t\t<div class=\"elementor-widget-container\">\n\t\t\t\t\t\t\t\t\t<p><strong>H\u00f4tel &#8211; Restaurant Le Mitigana<\/strong><br \/>16 Avenue Roger Salengro<br \/>89400 Migennes<\/p>\t\t\t\t\t\t\t\t<\/div>\n\t\t\t\t<\/div>\n\t\t\t\t\t<\/div>\n\t\t<\/div>\n\t\t\t\t\t<\/div>\n\t\t<\/section>\n\t\t\t\t<section class=\"elementor-section elementor-inner-section elementor-element elementor-element-49a50b1 elementor-section-boxed elementor-section-height-default elementor-section-height-default qodef-elementor-content-no\" data-id=\"49a50b1\" data-element_type=\"section\">\n\t\t\t\t\t\t<div class=\"elementor-container elementor-column-gap-default\">\n\t\t\t\t\t<div class=\"elementor-column elementor-col-100 elementor-inner-column elementor-element elementor-element-dbf37f1\" data-id=\"dbf37f1\" data-element_type=\"column\">\n\t\t\t<div class=\"elementor-widget-wrap elementor-element-populated\">\n\t\t\t\t\t\t<div class=\"elementor-element elementor-element-964c9e0 elementor-widget__width-initial elementor-widget elementor-widget-augustine_core_icon_with_text\" data-id=\"964c9e0\" data-element_type=\"widget\" data-widget_type=\"augustine_core_icon_with_text.default\">\n\t\t\t\t<div class=\"elementor-widget-container\">\n\t\t\t\t\t<div class=\"qodef-shortcode qodef-m  qodef-icon-with-text qodef-layout--before-content qodef--icon-pack \">\r\n\t<div class=\"qodef-m-icon-wrapper\">\r\n\t\t<span class=\"qodef-shortcode qodef-m  qodef-icon-holder qodef-size--default qodef-layout--normal\"  >\r\t        <span class=\"qodef-icon-linea-icons icon-basic-elaboration-message-check qodef-icon qodef-e\" style=\"color: #E3B674;font-size: 25px\" ><\/span>    <\/span>\t<\/div>\r\n\t<div class=\"qodef-m-content\">\r\n\t\t\t\t\t<\/div>\r\n<\/div>\t\t\t\t<\/div>\n\t\t\t\t<\/div>\n\t\t\t\t<div class=\"elementor-element elementor-element-b54449f elementor-widget__width-initial elementor-widget-mobile__width-initial elementor-widget elementor-widget-text-editor\" data-id=\"b54449f\" data-element_type=\"widget\" data-widget_type=\"text-editor.default\">\n\t\t\t\t<div class=\"elementor-widget-container\">\n\t\t\t\t\t\t\t\t\t<p>Tel : +33 (0)3 58 44 90 11<br \/><a href=\"mailto:contact@hotel-lemitigana.fr\">contact@hotel-lemitigana.fr<\/a><\/p>\t\t\t\t\t\t\t\t<\/div>\n\t\t\t\t<\/div>\n\t\t\t\t<div class=\"elementor-element elementor-element-292699a elementor-widget__width-initial elementor-widget-tablet__width-initial elementor-widget elementor-widget-text-editor\" data-id=\"292699a\" data-element_type=\"widget\" data-widget_type=\"text-editor.default\">\n\t\t\t\t<div class=\"elementor-widget-container\">\n\t\t\t\t\t\t\t\t\tAu confluent des rivi\u00e8res de l&rsquo;Arman\u00e7on et de l&rsquo;Yonne. Elle constitue le point de d\u00e9part du canal de Bourgogne qui finit sa course \u00e0 Saint-Jean-de-Losne distant de 242 km.\nL&rsquo;a\u00e9roport de Branches-Auxerre se situe \u00e0 environ 18 km.\t\t\t\t\t\t\t\t<\/div>\n\t\t\t\t<\/div>\n\t\t\t\t\t<\/div>\n\t\t<\/div>\n\t\t\t\t\t<\/div>\n\t\t<\/section>\n\t\t\t\t\t<\/div>\n\t\t<\/div>\n\t\t\t\t<div class=\"elementor-column elementor-col-50 elementor-top-column elementor-element elementor-element-6175c09c\" data-id=\"6175c09c\" data-element_type=\"column\">\n\t\t\t<div class=\"elementor-widget-wrap elementor-element-populated\">\n\t\t\t\t\t\t<div class=\"elementor-element elementor-element-8368965 elementor-widget elementor-widget-augustine_core_section_title\" data-id=\"8368965\" data-element_type=\"widget\" data-widget_type=\"augustine_core_section_title.default\">\n\t\t\t\t<div class=\"elementor-widget-container\">\n\t\t\t\t\t<div class=\"qodef-shortcode qodef-m  qodef-section-title qodef-alignment--left    qodef-separator-appear \">\r\n\t\t\t<p class=\"qodef-m-subtitle\" >Un Renseignement ? Une R\u00e9servation ?<\/p>\r\n\t\t<h4 class=\"qodef-m-title\" style=\"margin-top: -5px\">\r\n\t\t\t\t\tFormulaire de Contact\t\t\t<\/h4>\r\n\t\t<\/div>\t\t\t\t<\/div>\n\t\t\t\t<\/div>\n\t\t\t\t<div class=\"elementor-element elementor-element-614a1cb7 elementor-widget elementor-widget-shortcode\" data-id=\"614a1cb7\" data-element_type=\"widget\" data-widget_type=\"shortcode.default\">\n\t\t\t\t<div class=\"elementor-widget-container\">\n\t\t\t\t\t\t\t<div class=\"elementor-shortcode\">\n<div class=\"wpcf7 no-js\" id=\"wpcf7-f947-o1\" lang=\"en-US\" dir=\"ltr\" data-wpcf7-id=\"947\">\n<div class=\"screen-reader-response\"><p role=\"status\" aria-live=\"polite\" aria-atomic=\"true\"><\/p> <ul><\/ul><\/div>\n<form action=\"\/index.php\/wp-json\/wp\/v2\/pages\/3477#wpcf7-f947-o1\" method=\"post\" class=\"wpcf7-form init\" aria-label=\"Contact form\" novalidate=\"novalidate\" data-status=\"init\">\n<div style=\"display: none;\">\n<input type=\"hidden\" name=\"_wpcf7\" value=\"947\" \/>\n<input type=\"hidden\" name=\"_wpcf7_version\" value=\"6.0.6\" \/>\n<input type=\"hidden\" name=\"_wpcf7_locale\" value=\"en_US\" \/>\n<input type=\"hidden\" name=\"_wpcf7_unit_tag\" value=\"wpcf7-f947-o1\" \/>\n<input type=\"hidden\" name=\"_wpcf7_container_post\" value=\"0\" \/>\n<input type=\"hidden\" name=\"_wpcf7_posted_data_hash\" value=\"\" \/>\n<input type=\"hidden\" name=\"_wpcf7_recaptcha_response\" value=\"\" \/>\n<\/div>\n<div class=\"qodef-grid qodef-layout--template qodef-cf-contact-us\">\n<div class=\"qodef-grid-inner\">\n<div class=\"qodef-grid-item qodef-col--12\">\n<span class=\"wpcf7-form-control-wrap\" data-name=\"your-name\"><input size=\"40\" maxlength=\"400\" class=\"wpcf7-form-control wpcf7-text wpcf7-validates-as-required\" aria-required=\"true\" aria-invalid=\"false\" placeholder=\"Nom...\" value=\"\" type=\"text\" name=\"your-name\" \/><\/span>\n<\/div>\n<div class=\"qodef-grid-item qodef-col--12\">\n<span class=\"wpcf7-form-control-wrap\" data-name=\"your-email\"><input size=\"40\" maxlength=\"400\" class=\"wpcf7-form-control wpcf7-email wpcf7-validates-as-required wpcf7-text wpcf7-validates-as-email\" aria-required=\"true\" aria-invalid=\"false\" placeholder=\"Email...\" value=\"\" type=\"email\" name=\"your-email\" \/><\/span>\n<\/div>\n<div class=\"qodef-grid-item qodef-col--12\">\n<span class=\"wpcf7-form-control-wrap\" data-name=\"your-phone\"><input size=\"40\" maxlength=\"400\" class=\"wpcf7-form-control wpcf7-tel wpcf7-validates-as-required wpcf7-text wpcf7-validates-as-tel\" aria-required=\"true\" aria-invalid=\"false\" placeholder=\"T\u00e9l\u00e9phone...\" value=\"\" type=\"tel\" name=\"your-phone\" \/><\/span>\n<\/div>\n<div class=\"qodef-grid-item qodef-col--12\">\n<span class=\"wpcf7-form-control-wrap\" data-name=\"your-message\"><textarea cols=\"40\" rows=\"10\" maxlength=\"2000\" class=\"wpcf7-form-control wpcf7-textarea\" aria-invalid=\"false\" placeholder=\"Message...\" name=\"your-message\"><\/textarea><\/span>\n<\/div>\n<div class=\"qodef-grid-item qodef-col--12\">\n<span class=\"wpcf7-form-control-wrap\" data-name=\"checkbox-388\"><span class=\"wpcf7-form-control wpcf7-checkbox\"><span class=\"wpcf7-list-item first last\"><input type=\"checkbox\" name=\"checkbox-388[]\" value=\"J&#039;accepte que les informations saisies dans ce formulaire soient utilis\u00e9es pour permettre de me recontacter dans le cadre de cette demande de contact.\" \/><span class=\"wpcf7-list-item-label\">J&#039;accepte que les informations saisies dans ce formulaire soient utilis\u00e9es pour permettre de me recontacter dans le cadre de cette demande de contact.<\/span><\/span><\/span><\/span>\n<\/div>\n<div class=\"qodef-grid-item qodef-col--12\" style=\"text-align: left;\">\n<span class=\"wpcf7-form-control-wrap recaptcha\" data-name=\"recaptcha\"><span data-sitekey=\"6Lf11OUhAAAAAKwIGw1UH4PaU1ZRmPTgMpCJdBhD\" class=\"wpcf7-form-control wpcf7-recaptcha g-recaptcha\"><\/span>\r\n<noscript>\r\n\t<div class=\"grecaptcha-noscript\">\r\n\t\t<iframe src=\"https:\/\/www.google.com\/recaptcha\/api\/fallback?k=6Lf11OUhAAAAAKwIGw1UH4PaU1ZRmPTgMpCJdBhD\" frameborder=\"0\" scrolling=\"no\" width=\"310\" height=\"430\">\r\n\t\t<\/iframe>\r\n\t\t<textarea name=\"g-recaptcha-response\" rows=\"3\" cols=\"40\" placeholder=\"reCaptcha Response Here\">\r\n\t\t<\/textarea>\r\n\t<\/div>\r\n<\/noscript>\r\n<\/span>\n<\/div>\n<div class=\"qodef-grid-item qodef-col--12\" style=\"text-align: left;\">\n<button class=\"wpcf7-form-control wpcf7-submit qodef-layout--outlined qodef-margin-18 qodef-button qodef-size--normal qodef-type--outlined qodef-m\" type=\"submit\"><span class=\"qodef-m-text\">Envoyer<\/span><\/button>\n<\/div>\n<\/div>\n<\/div><div class=\"wpcf7-response-output\" aria-hidden=\"true\"><\/div>\n<\/form>\n<\/div>\n<\/div>\n\t\t\t\t\t\t<\/div>\n\t\t\t\t<\/div>\n\t\t\t\t\t<\/div>\n\t\t<\/div>\n\t\t\t\t\t<\/div>\n\t\t<\/section>\n\t\t\t\t<section class=\"elementor-section elementor-top-section elementor-element elementor-element-56e695d elementor-section-full_width elementor-section-height-default elementor-section-height-default qodef-elementor-content-no\" data-id=\"56e695d\" data-element_type=\"section\">\n\t\t\t\t\t\t<div class=\"elementor-container elementor-column-gap-default\">\n\t\t\t\t\t<div class=\"elementor-column elementor-col-100 elementor-top-column elementor-element elementor-element-fc7fa88\" data-id=\"fc7fa88\" data-element_type=\"column\">\n\t\t\t<div class=\"elementor-widget-wrap elementor-element-populated\">\n\t\t\t\t\t\t<div class=\"elementor-element elementor-element-4eb8c1d elementor-widget elementor-widget-google_maps\" data-id=\"4eb8c1d\" data-element_type=\"widget\" data-widget_type=\"google_maps.default\">\n\t\t\t\t<div class=\"elementor-widget-container\">\n\t\t\t\t\t\t\t<div class=\"elementor-custom-embed\">\n\t\t\t<iframe loading=\"lazy\"\n\t\t\t\t\tsrc=\"https:\/\/maps.google.com\/maps?q=16%20Avenue%20Roger%20Salengro%2089400%20Migennes&#038;t=m&#038;z=9&#038;output=embed&#038;iwloc=near\"\n\t\t\t\t\ttitle=\"16 Avenue Roger Salengro 89400 Migennes\"\n\t\t\t\t\taria-label=\"16 Avenue Roger Salengro 89400 Migennes\"\n\t\t\t><\/iframe>\n\t\t<\/div>\n\t\t\t\t\t\t<\/div>\n\t\t\t\t<\/div>\n\t\t\t\t\t<\/div>\n\t\t<\/div>\n\t\t\t\t\t<\/div>\n\t\t<\/section>\n\t\t\t\t<\/div>\n\t\t","protected":false},"excerpt":{"rendered":"<p>Votre restaurant est ouvert du mercredi au dimanche pour le d\u00e9jeuner de 12h15 \u00e0 13h30. et du mercredi au samedi pour le d\u00eener de 19h15 \u00e0 21h30. Restaurant ferm\u00e9 le dimanche soir. Le lundi et mardi soir, les clients de l&rsquo;h\u00f4tel peuvent se restaurer au d\u00eener. L&rsquo;H\u00f4tel est ouvert tous les soirs sauf le dimanche [&hellip;]<\/p>\n","protected":false},"author":1,"featured_media":0,"parent":0,"menu_order":0,"comment_status":"closed","ping_status":"closed","template":"page-full-width.php","meta":{"footnotes":""},"class_list":["post-3477","page","type-page","status-publish","hentry"],"yoast_head":"<!-- This site is optimized with the Yoast SEO plugin v25.1 - https:\/\/yoast.com\/wordpress\/plugins\/seo\/ -->\n<title>Contact - Le Mitigana - H\u00f4tel Restaurant *** en plein c\u0153ur de Migennes<\/title>\n<meta name=\"description\" content=\"Un renseignement ? une r\u00e9servation ? Remplissez notre formulaire de contact du Mitigana afin que notre \u00e9quipe puisse vous r\u00e9pondre rapidement.\" \/>\n<meta name=\"robots\" content=\"index, follow, max-snippet:-1, max-image-preview:large, max-video-preview:-1\" \/>\n<link rel=\"canonical\" href=\"https:\/\/hotel-lemitigana.fr\/index.php\/contact\/\" \/>\n<meta property=\"og:locale\" content=\"fr_FR\" \/>\n<meta property=\"og:type\" content=\"article\" \/>\n<meta property=\"og:title\" content=\"Contact - Le Mitigana - H\u00f4tel Restaurant *** en plein c\u0153ur de Migennes\" \/>\n<meta property=\"og:description\" content=\"Un renseignement ? une r\u00e9servation ? Remplissez notre formulaire de contact du Mitigana afin que notre \u00e9quipe puisse vous r\u00e9pondre rapidement.\" \/>\n<meta property=\"og:url\" content=\"https:\/\/hotel-lemitigana.fr\/index.php\/contact\/\" \/>\n<meta property=\"og:site_name\" content=\"H\u00f4tel Restaurant Le Mitigana\" \/>\n<meta property=\"article:modified_time\" content=\"2024-08-26T09:19:48+00:00\" \/>\n<meta name=\"twitter:card\" content=\"summary_large_image\" \/>\n<meta name=\"twitter:label1\" content=\"Dur\u00e9e de lecture estim\u00e9e\" \/>\n\t<meta name=\"twitter:data1\" content=\"2 minutes\" \/>\n<script type=\"application\/ld+json\" class=\"yoast-schema-graph\">{\"@context\":\"https:\/\/schema.org\",\"@graph\":[{\"@type\":\"WebPage\",\"@id\":\"https:\/\/hotel-lemitigana.fr\/index.php\/contact\/\",\"url\":\"https:\/\/hotel-lemitigana.fr\/index.php\/contact\/\",\"name\":\"Contact - Le Mitigana - H\u00f4tel Restaurant *** en plein c\u0153ur de Migennes\",\"isPartOf\":{\"@id\":\"https:\/\/hotel-lemitigana.fr\/#website\"},\"datePublished\":\"2020-12-01T14:43:46+00:00\",\"dateModified\":\"2024-08-26T09:19:48+00:00\",\"description\":\"Un renseignement ? une r\u00e9servation ? Remplissez notre formulaire de contact du Mitigana afin que notre \u00e9quipe puisse vous r\u00e9pondre rapidement.\",\"breadcrumb\":{\"@id\":\"https:\/\/hotel-lemitigana.fr\/index.php\/contact\/#breadcrumb\"},\"inLanguage\":\"fr-FR\",\"potentialAction\":[{\"@type\":\"ReadAction\",\"target\":[\"https:\/\/hotel-lemitigana.fr\/index.php\/contact\/\"]}]},{\"@type\":\"BreadcrumbList\",\"@id\":\"https:\/\/hotel-lemitigana.fr\/index.php\/contact\/#breadcrumb\",\"itemListElement\":[{\"@type\":\"ListItem\",\"position\":1,\"name\":\"Accueil\",\"item\":\"https:\/\/hotel-lemitigana.fr\/\"},{\"@type\":\"ListItem\",\"position\":2,\"name\":\"Contact\"}]},{\"@type\":\"WebSite\",\"@id\":\"https:\/\/hotel-lemitigana.fr\/#website\",\"url\":\"https:\/\/hotel-lemitigana.fr\/\",\"name\":\"H\u00f4tel Restaurant Le Mitigana\",\"description\":\"Restaurant \u00e0 Migennes\",\"publisher\":{\"@id\":\"https:\/\/hotel-lemitigana.fr\/#organization\"},\"potentialAction\":[{\"@type\":\"SearchAction\",\"target\":{\"@type\":\"EntryPoint\",\"urlTemplate\":\"https:\/\/hotel-lemitigana.fr\/?s={search_term_string}\"},\"query-input\":{\"@type\":\"PropertyValueSpecification\",\"valueRequired\":true,\"valueName\":\"search_term_string\"}}],\"inLanguage\":\"fr-FR\"},{\"@type\":\"Organization\",\"@id\":\"https:\/\/hotel-lemitigana.fr\/#organization\",\"name\":\"H\u00f4tel Restaurant Le Mitigana\",\"url\":\"https:\/\/hotel-lemitigana.fr\/\",\"logo\":{\"@type\":\"ImageObject\",\"inLanguage\":\"fr-FR\",\"@id\":\"https:\/\/hotel-lemitigana.fr\/#\/schema\/logo\/image\/\",\"url\":\"https:\/\/hotel-lemitigana.fr\/wp-content\/uploads\/2021\/07\/cropped-Logo-hotel-restaurant-le-mitigana.png\",\"contentUrl\":\"https:\/\/hotel-lemitigana.fr\/wp-content\/uploads\/2021\/07\/cropped-Logo-hotel-restaurant-le-mitigana.png\",\"width\":600,\"height\":152,\"caption\":\"H\u00f4tel Restaurant Le Mitigana\"},\"image\":{\"@id\":\"https:\/\/hotel-lemitigana.fr\/#\/schema\/logo\/image\/\"}}]}<\/script>\n<!-- \/ Yoast SEO plugin. -->","yoast_head_json":{"title":"Contact - Le Mitigana - H\u00f4tel Restaurant *** en plein c\u0153ur de Migennes","description":"Un renseignement ? une r\u00e9servation ? Remplissez notre formulaire de contact du Mitigana afin que notre \u00e9quipe puisse vous r\u00e9pondre rapidement.","robots":{"index":"index","follow":"follow","max-snippet":"max-snippet:-1","max-image-preview":"max-image-preview:large","max-video-preview":"max-video-preview:-1"},"canonical":"https:\/\/hotel-lemitigana.fr\/index.php\/contact\/","og_locale":"fr_FR","og_type":"article","og_title":"Contact - Le Mitigana - H\u00f4tel Restaurant *** en plein c\u0153ur de Migennes","og_description":"Un renseignement ? une r\u00e9servation ? Remplissez notre formulaire de contact du Mitigana afin que notre \u00e9quipe puisse vous r\u00e9pondre rapidement.","og_url":"https:\/\/hotel-lemitigana.fr\/index.php\/contact\/","og_site_name":"H\u00f4tel Restaurant Le Mitigana","article_modified_time":"2024-08-26T09:19:48+00:00","twitter_card":"summary_large_image","twitter_misc":{"Dur\u00e9e de lecture estim\u00e9e":"2 minutes"},"schema":{"@context":"https:\/\/schema.org","@graph":[{"@type":"WebPage","@id":"https:\/\/hotel-lemitigana.fr\/index.php\/contact\/","url":"https:\/\/hotel-lemitigana.fr\/index.php\/contact\/","name":"Contact - Le Mitigana - H\u00f4tel Restaurant *** en plein c\u0153ur de Migennes","isPartOf":{"@id":"https:\/\/hotel-lemitigana.fr\/#website"},"datePublished":"2020-12-01T14:43:46+00:00","dateModified":"2024-08-26T09:19:48+00:00","description":"Un renseignement ? une r\u00e9servation ? Remplissez notre formulaire de contact du Mitigana afin que notre \u00e9quipe puisse vous r\u00e9pondre rapidement.","breadcrumb":{"@id":"https:\/\/hotel-lemitigana.fr\/index.php\/contact\/#breadcrumb"},"inLanguage":"fr-FR","potentialAction":[{"@type":"ReadAction","target":["https:\/\/hotel-lemitigana.fr\/index.php\/contact\/"]}]},{"@type":"BreadcrumbList","@id":"https:\/\/hotel-lemitigana.fr\/index.php\/contact\/#breadcrumb","itemListElement":[{"@type":"ListItem","position":1,"name":"Accueil","item":"https:\/\/hotel-lemitigana.fr\/"},{"@type":"ListItem","position":2,"name":"Contact"}]},{"@type":"WebSite","@id":"https:\/\/hotel-lemitigana.fr\/#website","url":"https:\/\/hotel-lemitigana.fr\/","name":"H\u00f4tel Restaurant Le Mitigana","description":"Restaurant \u00e0 Migennes","publisher":{"@id":"https:\/\/hotel-lemitigana.fr\/#organization"},"potentialAction":[{"@type":"SearchAction","target":{"@type":"EntryPoint","urlTemplate":"https:\/\/hotel-lemitigana.fr\/?s={search_term_string}"},"query-input":{"@type":"PropertyValueSpecification","valueRequired":true,"valueName":"search_term_string"}}],"inLanguage":"fr-FR"},{"@type":"Organization","@id":"https:\/\/hotel-lemitigana.fr\/#organization","name":"H\u00f4tel Restaurant Le Mitigana","url":"https:\/\/hotel-lemitigana.fr\/","logo":{"@type":"ImageObject","inLanguage":"fr-FR","@id":"https:\/\/hotel-lemitigana.fr\/#\/schema\/logo\/image\/","url":"https:\/\/hotel-lemitigana.fr\/wp-content\/uploads\/2021\/07\/cropped-Logo-hotel-restaurant-le-mitigana.png","contentUrl":"https:\/\/hotel-lemitigana.fr\/wp-content\/uploads\/2021\/07\/cropped-Logo-hotel-restaurant-le-mitigana.png","width":600,"height":152,"caption":"H\u00f4tel Restaurant Le Mitigana"},"image":{"@id":"https:\/\/hotel-lemitigana.fr\/#\/schema\/logo\/image\/"}}]}},"_links":{"self":[{"href":"https:\/\/hotel-lemitigana.fr\/index.php\/wp-json\/wp\/v2\/pages\/3477","targetHints":{"allow":["GET"]}}],"collection":[{"href":"https:\/\/hotel-lemitigana.fr\/index.php\/wp-json\/wp\/v2\/pages"}],"about":[{"href":"https:\/\/hotel-lemitigana.fr\/index.php\/wp-json\/wp\/v2\/types\/page"}],"author":[{"embeddable":true,"href":"https:\/\/hotel-lemitigana.fr\/index.php\/wp-json\/wp\/v2\/users\/1"}],"replies":[{"embeddable":true,"href":"https:\/\/hotel-lemitigana.fr\/index.php\/wp-json\/wp\/v2\/comments?post=3477"}],"version-history":[{"count":79,"href":"https:\/\/hotel-lemitigana.fr\/index.php\/wp-json\/wp\/v2\/pages\/3477\/revisions"}],"predecessor-version":[{"id":48697,"href":"https:\/\/hotel-lemitigana.fr\/index.php\/wp-json\/wp\/v2\/pages\/3477\/revisions\/48697"}],"wp:attachment":[{"href":"https:\/\/hotel-lemitigana.fr\/index.php\/wp-json\/wp\/v2\/media?parent=3477"}],"curies":[{"name":"wp","href":"https:\/\/api.w.org\/{rel}","templated":true}]}}