{"id":11520,"date":"2021-08-17T11:32:13","date_gmt":"2021-08-17T09:32:13","guid":{"rendered":"https:\/\/hotel-lemitigana.fr\/?page_id=11520"},"modified":"2025-05-23T08:53:34","modified_gmt":"2025-05-23T06:53:34","slug":"carte-des-vins","status":"publish","type":"page","link":"https:\/\/hotel-lemitigana.fr\/index.php\/carte-des-vins\/","title":{"rendered":"Carte des Vins"},"content":{"rendered":"\t\t<div data-elementor-type=\"wp-page\" data-elementor-id=\"11520\" class=\"elementor elementor-11520\">\n\t\t\t\t\t\t<section class=\"elementor-section elementor-top-section elementor-element elementor-element-2019150 qodef-elementor-content-grid elementor-section-boxed elementor-section-height-default elementor-section-height-default\" data-id=\"2019150\" data-element_type=\"section\">\n\t\t\t\t\t\t<div class=\"elementor-container elementor-column-gap-default\">\n\t\t\t\t\t<div class=\"elementor-column elementor-col-50 elementor-top-column elementor-element elementor-element-924a7df\" data-id=\"924a7df\" data-element_type=\"column\">\n\t\t\t<div class=\"elementor-widget-wrap elementor-element-populated\">\n\t\t\t\t\t\t<div class=\"elementor-element elementor-element-24c3d32 elementor-widget elementor-widget-augustine_core_section_title\" data-id=\"24c3d32\" data-element_type=\"widget\" data-widget_type=\"augustine_core_section_title.default\">\n\t\t\t\t<div class=\"elementor-widget-container\">\n\t\t\t\t\t<div class=\"qodef-shortcode qodef-m  qodef-section-title qodef-alignment--left qodef-title-break--disabled   qodef-separator-appear \">\r\n\t\t\t<p class=\"qodef-m-subtitle\" >Blanc - Rouge - Ros\u00e9 - Champagne<\/p>\r\n\t\t<h4 class=\"qodef-m-title\" style=\"margin-top: -5px\">\r\n\t\t\t\t\tD\u00e9couvrir, partager, s\u2019amuser, d\u00e9guster, toutes les sensibilit\u00e9s sont repr\u00e9sent\u00e9es\t\t\t<\/h4>\r\n\t\t<\/div>\t\t\t\t<\/div>\n\t\t\t\t<\/div>\n\t\t\t\t<div class=\"elementor-element elementor-element-755b349 elementor-widget elementor-widget-augustine_core_button\" data-id=\"755b349\" data-element_type=\"widget\" data-widget_type=\"augustine_core_button.default\">\n\t\t\t\t<div class=\"elementor-widget-container\">\n\t\t\t\t\t<a class=\"qodef-shortcode qodef-m  qodef-button qodef-layout--textual  qodef-html--link \" href=\"https:\/\/hotel-lemitigana.fr\/wp-content\/uploads\/2025\/05\/CARTE-DES-VIN-MAI-2025.pdf\" target=\"_self\"  style=\"font-size: 16px;font-weight: 400\">\r\n\t<span class=\"qodef-m-text\">Voir la carte des vins<\/span>\r\n<\/a>\t\t\t\t<\/div>\n\t\t\t\t<\/div>\n\t\t\t\t\t<\/div>\n\t\t<\/div>\n\t\t\t\t<div class=\"elementor-column elementor-col-50 elementor-top-column elementor-element elementor-element-de5fccd\" data-id=\"de5fccd\" data-element_type=\"column\">\n\t\t\t<div class=\"elementor-widget-wrap elementor-element-populated\">\n\t\t\t\t\t\t<div class=\"elementor-element elementor-element-1d32e1c elementor-widget elementor-widget-text-editor\" data-id=\"1d32e1c\" data-element_type=\"widget\" data-widget_type=\"text-editor.default\">\n\t\t\t\t<div class=\"elementor-widget-container\">\n\t\t\t\t\t\t\t\t\t<p>Notre vocation est de vous faire voyager \u00e0 la rencontre de quelques vignerons passionn\u00e9s et amoureux de leurs terroirs, vous promener \u00e0 travers toutes les r\u00e9gions de France avec pour ambition de contenter autant le novice que l\u2019amateur \u00e9clair\u00e9.<\/p><p>La carte est une invitation \u00e0 la d\u00e9couverte, depuis les vins de table\u00a0 jusqu\u2019aux crus les plus rares, notre carte des vins joue le tempo du plaisir partag\u00e9.<\/p>\t\t\t\t\t\t\t\t<\/div>\n\t\t\t\t<\/div>\n\t\t\t\t\t<\/div>\n\t\t<\/div>\n\t\t\t\t\t<\/div>\n\t\t<\/section>\n\t\t\t\t<section class=\"elementor-section elementor-top-section elementor-element elementor-element-86c8789 elementor-section-full_width elementor-section-stretched elementor-section-height-default elementor-section-height-default qodef-elementor-content-no\" data-id=\"86c8789\" data-element_type=\"section\" data-settings=\"{&quot;stretch_section&quot;:&quot;section-stretched&quot;}\">\n\t\t\t\t\t\t<div class=\"elementor-container elementor-column-gap-default\">\n\t\t\t\t\t<div class=\"elementor-column elementor-col-100 elementor-top-column elementor-element elementor-element-ab01f26\" data-id=\"ab01f26\" data-element_type=\"column\" data-settings=\"{&quot;background_background&quot;:&quot;classic&quot;}\">\n\t\t\t<div class=\"elementor-widget-wrap elementor-element-populated\">\n\t\t\t\t\t<div class=\"elementor-background-overlay\"><\/div>\n\t\t\t\t\t\t<div class=\"elementor-element elementor-element-3876b62 elementor-widget elementor-widget-augustine_core_section_title\" data-id=\"3876b62\" data-element_type=\"widget\" data-widget_type=\"augustine_core_section_title.default\">\n\t\t\t\t<div class=\"elementor-widget-container\">\n\t\t\t\t\t<div class=\"qodef-shortcode qodef-m  qodef-section-title qodef-alignment--center  qodef-title-appear   \">\r\n\t\t\t\t<h2 class=\"qodef-m-title\" style=\"color: #FFFFFF\">\r\n\t\t\t\t\tDu d\u00e9but \u00e0 la fin du repas, d\u00e9gustez l'un de nos vins\t\t\t<\/h2>\r\n\t\t<\/div>\t\t\t\t<\/div>\n\t\t\t\t<\/div>\n\t\t\t\t\t<\/div>\n\t\t<\/div>\n\t\t\t\t\t<\/div>\n\t\t<\/section>\n\t\t\t\t<\/div>\n\t\t","protected":false},"excerpt":{"rendered":"<p>Blanc &#8211; Rouge &#8211; Ros\u00e9 &#8211; Champagne D\u00e9couvrir, partager, s\u2019amuser, d\u00e9guster, toutes les sensibilit\u00e9s sont repr\u00e9sent\u00e9es Voir la carte des vins Notre vocation est de vous faire voyager \u00e0 la rencontre de quelques vignerons passionn\u00e9s et amoureux de leurs terroirs, vous promener \u00e0 travers toutes les r\u00e9gions de France avec pour ambition de contenter autant [&hellip;]<\/p>\n","protected":false},"author":1,"featured_media":0,"parent":0,"menu_order":0,"comment_status":"closed","ping_status":"closed","template":"","meta":{"footnotes":""},"class_list":["post-11520","page","type-page","status-publish","hentry"],"yoast_head":"<!-- This site is optimized with the Yoast SEO plugin v25.1 - https:\/\/yoast.com\/wordpress\/plugins\/seo\/ -->\n<title>Carte des Vins - Le Mitigana - H\u00f4tel Restaurant *** \u00e0 Migennes<\/title>\n<meta name=\"description\" content=\"D\u00e9couvrir, partager, s\u2019amuser, d\u00e9guster, toutes les sensibilit\u00e9s sont repr\u00e9sent\u00e9es au sein de notre carte des vins\" \/>\n<meta name=\"robots\" content=\"index, follow, max-snippet:-1, max-image-preview:large, max-video-preview:-1\" \/>\n<link rel=\"canonical\" href=\"https:\/\/hotel-lemitigana.fr\/index.php\/carte-des-vins\/\" \/>\n<meta property=\"og:locale\" content=\"fr_FR\" \/>\n<meta property=\"og:type\" content=\"article\" \/>\n<meta property=\"og:title\" content=\"Carte des Vins - Le Mitigana - H\u00f4tel Restaurant *** \u00e0 Migennes\" \/>\n<meta property=\"og:description\" content=\"D\u00e9couvrir, partager, s\u2019amuser, d\u00e9guster, toutes les sensibilit\u00e9s sont repr\u00e9sent\u00e9es au sein de notre carte des vins\" \/>\n<meta property=\"og:url\" content=\"https:\/\/hotel-lemitigana.fr\/index.php\/carte-des-vins\/\" \/>\n<meta property=\"og:site_name\" content=\"H\u00f4tel Restaurant Le Mitigana\" \/>\n<meta property=\"article:modified_time\" content=\"2025-05-23T06:53:34+00:00\" \/>\n<meta name=\"twitter:card\" content=\"summary_large_image\" \/>\n<meta name=\"twitter:label1\" content=\"Dur\u00e9e de lecture estim\u00e9e\" \/>\n\t<meta name=\"twitter:data1\" content=\"1 minute\" \/>\n<script type=\"application\/ld+json\" class=\"yoast-schema-graph\">{\"@context\":\"https:\/\/schema.org\",\"@graph\":[{\"@type\":\"WebPage\",\"@id\":\"https:\/\/hotel-lemitigana.fr\/index.php\/carte-des-vins\/\",\"url\":\"https:\/\/hotel-lemitigana.fr\/index.php\/carte-des-vins\/\",\"name\":\"Carte des Vins - Le Mitigana - H\u00f4tel Restaurant *** \u00e0 Migennes\",\"isPartOf\":{\"@id\":\"https:\/\/hotel-lemitigana.fr\/#website\"},\"datePublished\":\"2021-08-17T09:32:13+00:00\",\"dateModified\":\"2025-05-23T06:53:34+00:00\",\"description\":\"D\u00e9couvrir, partager, s\u2019amuser, d\u00e9guster, toutes les sensibilit\u00e9s sont repr\u00e9sent\u00e9es au sein de notre carte des vins\",\"breadcrumb\":{\"@id\":\"https:\/\/hotel-lemitigana.fr\/index.php\/carte-des-vins\/#breadcrumb\"},\"inLanguage\":\"fr-FR\",\"potentialAction\":[{\"@type\":\"ReadAction\",\"target\":[\"https:\/\/hotel-lemitigana.fr\/index.php\/carte-des-vins\/\"]}]},{\"@type\":\"BreadcrumbList\",\"@id\":\"https:\/\/hotel-lemitigana.fr\/index.php\/carte-des-vins\/#breadcrumb\",\"itemListElement\":[{\"@type\":\"ListItem\",\"position\":1,\"name\":\"Accueil\",\"item\":\"https:\/\/hotel-lemitigana.fr\/\"},{\"@type\":\"ListItem\",\"position\":2,\"name\":\"Carte des Vins\"}]},{\"@type\":\"WebSite\",\"@id\":\"https:\/\/hotel-lemitigana.fr\/#website\",\"url\":\"https:\/\/hotel-lemitigana.fr\/\",\"name\":\"H\u00f4tel Restaurant Le Mitigana\",\"description\":\"Restaurant \u00e0 Migennes\",\"publisher\":{\"@id\":\"https:\/\/hotel-lemitigana.fr\/#organization\"},\"potentialAction\":[{\"@type\":\"SearchAction\",\"target\":{\"@type\":\"EntryPoint\",\"urlTemplate\":\"https:\/\/hotel-lemitigana.fr\/?s={search_term_string}\"},\"query-input\":{\"@type\":\"PropertyValueSpecification\",\"valueRequired\":true,\"valueName\":\"search_term_string\"}}],\"inLanguage\":\"fr-FR\"},{\"@type\":\"Organization\",\"@id\":\"https:\/\/hotel-lemitigana.fr\/#organization\",\"name\":\"H\u00f4tel Restaurant Le Mitigana\",\"url\":\"https:\/\/hotel-lemitigana.fr\/\",\"logo\":{\"@type\":\"ImageObject\",\"inLanguage\":\"fr-FR\",\"@id\":\"https:\/\/hotel-lemitigana.fr\/#\/schema\/logo\/image\/\",\"url\":\"https:\/\/hotel-lemitigana.fr\/wp-content\/uploads\/2021\/07\/cropped-Logo-hotel-restaurant-le-mitigana.png\",\"contentUrl\":\"https:\/\/hotel-lemitigana.fr\/wp-content\/uploads\/2021\/07\/cropped-Logo-hotel-restaurant-le-mitigana.png\",\"width\":600,\"height\":152,\"caption\":\"H\u00f4tel Restaurant Le Mitigana\"},\"image\":{\"@id\":\"https:\/\/hotel-lemitigana.fr\/#\/schema\/logo\/image\/\"}}]}<\/script>\n<!-- \/ Yoast SEO plugin. -->","yoast_head_json":{"title":"Carte des Vins - Le Mitigana - H\u00f4tel Restaurant *** \u00e0 Migennes","description":"D\u00e9couvrir, partager, s\u2019amuser, d\u00e9guster, toutes les sensibilit\u00e9s sont repr\u00e9sent\u00e9es au sein de notre carte des vins","robots":{"index":"index","follow":"follow","max-snippet":"max-snippet:-1","max-image-preview":"max-image-preview:large","max-video-preview":"max-video-preview:-1"},"canonical":"https:\/\/hotel-lemitigana.fr\/index.php\/carte-des-vins\/","og_locale":"fr_FR","og_type":"article","og_title":"Carte des Vins - Le Mitigana - H\u00f4tel Restaurant *** \u00e0 Migennes","og_description":"D\u00e9couvrir, partager, s\u2019amuser, d\u00e9guster, toutes les sensibilit\u00e9s sont repr\u00e9sent\u00e9es au sein de notre carte des vins","og_url":"https:\/\/hotel-lemitigana.fr\/index.php\/carte-des-vins\/","og_site_name":"H\u00f4tel Restaurant Le Mitigana","article_modified_time":"2025-05-23T06:53:34+00:00","twitter_card":"summary_large_image","twitter_misc":{"Dur\u00e9e de lecture estim\u00e9e":"1 minute"},"schema":{"@context":"https:\/\/schema.org","@graph":[{"@type":"WebPage","@id":"https:\/\/hotel-lemitigana.fr\/index.php\/carte-des-vins\/","url":"https:\/\/hotel-lemitigana.fr\/index.php\/carte-des-vins\/","name":"Carte des Vins - Le Mitigana - H\u00f4tel Restaurant *** \u00e0 Migennes","isPartOf":{"@id":"https:\/\/hotel-lemitigana.fr\/#website"},"datePublished":"2021-08-17T09:32:13+00:00","dateModified":"2025-05-23T06:53:34+00:00","description":"D\u00e9couvrir, partager, s\u2019amuser, d\u00e9guster, toutes les sensibilit\u00e9s sont repr\u00e9sent\u00e9es au sein de notre carte des vins","breadcrumb":{"@id":"https:\/\/hotel-lemitigana.fr\/index.php\/carte-des-vins\/#breadcrumb"},"inLanguage":"fr-FR","potentialAction":[{"@type":"ReadAction","target":["https:\/\/hotel-lemitigana.fr\/index.php\/carte-des-vins\/"]}]},{"@type":"BreadcrumbList","@id":"https:\/\/hotel-lemitigana.fr\/index.php\/carte-des-vins\/#breadcrumb","itemListElement":[{"@type":"ListItem","position":1,"name":"Accueil","item":"https:\/\/hotel-lemitigana.fr\/"},{"@type":"ListItem","position":2,"name":"Carte des Vins"}]},{"@type":"WebSite","@id":"https:\/\/hotel-lemitigana.fr\/#website","url":"https:\/\/hotel-lemitigana.fr\/","name":"H\u00f4tel Restaurant Le Mitigana","description":"Restaurant \u00e0 Migennes","publisher":{"@id":"https:\/\/hotel-lemitigana.fr\/#organization"},"potentialAction":[{"@type":"SearchAction","target":{"@type":"EntryPoint","urlTemplate":"https:\/\/hotel-lemitigana.fr\/?s={search_term_string}"},"query-input":{"@type":"PropertyValueSpecification","valueRequired":true,"valueName":"search_term_string"}}],"inLanguage":"fr-FR"},{"@type":"Organization","@id":"https:\/\/hotel-lemitigana.fr\/#organization","name":"H\u00f4tel Restaurant Le Mitigana","url":"https:\/\/hotel-lemitigana.fr\/","logo":{"@type":"ImageObject","inLanguage":"fr-FR","@id":"https:\/\/hotel-lemitigana.fr\/#\/schema\/logo\/image\/","url":"https:\/\/hotel-lemitigana.fr\/wp-content\/uploads\/2021\/07\/cropped-Logo-hotel-restaurant-le-mitigana.png","contentUrl":"https:\/\/hotel-lemitigana.fr\/wp-content\/uploads\/2021\/07\/cropped-Logo-hotel-restaurant-le-mitigana.png","width":600,"height":152,"caption":"H\u00f4tel Restaurant Le Mitigana"},"image":{"@id":"https:\/\/hotel-lemitigana.fr\/#\/schema\/logo\/image\/"}}]}},"_links":{"self":[{"href":"https:\/\/hotel-lemitigana.fr\/index.php\/wp-json\/wp\/v2\/pages\/11520","targetHints":{"allow":["GET"]}}],"collection":[{"href":"https:\/\/hotel-lemitigana.fr\/index.php\/wp-json\/wp\/v2\/pages"}],"about":[{"href":"https:\/\/hotel-lemitigana.fr\/index.php\/wp-json\/wp\/v2\/types\/page"}],"author":[{"embeddable":true,"href":"https:\/\/hotel-lemitigana.fr\/index.php\/wp-json\/wp\/v2\/users\/1"}],"replies":[{"embeddable":true,"href":"https:\/\/hotel-lemitigana.fr\/index.php\/wp-json\/wp\/v2\/comments?post=11520"}],"version-history":[{"count":36,"href":"https:\/\/hotel-lemitigana.fr\/index.php\/wp-json\/wp\/v2\/pages\/11520\/revisions"}],"predecessor-version":[{"id":49752,"href":"https:\/\/hotel-lemitigana.fr\/index.php\/wp-json\/wp\/v2\/pages\/11520\/revisions\/49752"}],"wp:attachment":[{"href":"https:\/\/hotel-lemitigana.fr\/index.php\/wp-json\/wp\/v2\/media?parent=11520"}],"curies":[{"name":"wp","href":"https:\/\/api.w.org\/{rel}","templated":true}]}}