{"id":11340,"date":"2021-07-17T12:04:35","date_gmt":"2021-07-17T10:04:35","guid":{"rendered":"https:\/\/hotel-lemitigana.fr\/?page_id=11340"},"modified":"2021-10-27T10:09:14","modified_gmt":"2021-10-27T08:09:14","slug":"lhotel","status":"publish","type":"page","link":"https:\/\/hotel-lemitigana.fr\/index.php\/lhotel\/","title":{"rendered":"L&rsquo;H\u00f4tel"},"content":{"rendered":"\t\t<div data-elementor-type=\"wp-page\" data-elementor-id=\"11340\" class=\"elementor elementor-11340\">\n\t\t\t\t\t\t<section class=\"elementor-section elementor-top-section elementor-element elementor-element-ba5aebd qodef-elementor-content-grid elementor-section-boxed elementor-section-height-default elementor-section-height-default\" data-id=\"ba5aebd\" data-element_type=\"section\" data-settings=\"{&quot;background_background&quot;:&quot;gradient&quot;}\">\n\t\t\t\t\t\t<div class=\"elementor-container elementor-column-gap-default\">\n\t\t\t\t\t<div class=\"elementor-column elementor-col-100 elementor-top-column elementor-element elementor-element-663905c\" data-id=\"663905c\" data-element_type=\"column\">\n\t\t\t<div class=\"elementor-widget-wrap elementor-element-populated\">\n\t\t\t\t\t\t<div class=\"elementor-element elementor-element-1dcb438 elementor-widget elementor-widget-augustine_core_section_title\" data-id=\"1dcb438\" data-element_type=\"widget\" data-widget_type=\"augustine_core_section_title.default\">\n\t\t\t\t<div class=\"elementor-widget-container\">\n\t\t\t\t\t<div class=\"qodef-shortcode qodef-m  qodef-section-title qodef-alignment--center    qodef-separator-appear \">\r\n\t\t<span class=\"qodef-m-separator\" ><\/span>\r\n\t\t<p class=\"qodef-m-subtitle\" >traiteur et organisateur d\u2019\u00e9v\u00e8nements<\/p>\r\n\t\t<h3 class=\"qodef-m-title\" style=\"margin-top: -9px\">\r\n\t\t\t\t\tle confort d\u2019un h\u00f4tel<br \/>de standing<br \/>\t\t\t<\/h3>\r\n\t\t<\/div>\t\t\t\t<\/div>\n\t\t\t\t<\/div>\n\t\t\t\t<div class=\"elementor-element elementor-element-93a1e9d elementor-widget elementor-widget-text-editor\" data-id=\"93a1e9d\" data-element_type=\"widget\" data-widget_type=\"text-editor.default\">\n\t\t\t\t<div class=\"elementor-widget-container\">\n\t\t\t\t\t\t\t\t\tL&rsquo;h\u00f4tel est enti\u00e8rement climatis\u00e9 et insonoris\u00e9 conform\u00e9ment aux derni\u00e8res normes en vigueur.\nIl se compose de 18 chambres et 2 appart\u2019 h\u00f4tel et b\u00e9n\u00e9ficie de tout le confort d\u2019un h\u00f4tel 3 \u00e9toiles.\t\t\t\t\t\t\t\t<\/div>\n\t\t\t\t<\/div>\n\t\t\t\t<div class=\"elementor-element elementor-element-14d2113 elementor-widget__width-auto elementor-widget elementor-widget-augustine_core_button\" data-id=\"14d2113\" data-element_type=\"widget\" data-widget_type=\"augustine_core_button.default\">\n\t\t\t\t<div class=\"elementor-widget-container\">\n\t\t\t\t\t<a class=\"qodef-shortcode qodef-m  qodef-button qodef-layout--textual  qodef-html--link \" href=\"https:\/\/secure.reservit.com\/fo\/booking\/2\/432522\/dates\" target=\"_blank\"  style=\"font-size: 18px;font-weight: 300\">\r\n\t<span class=\"qodef-m-text\">R\u00e9servation en Ligne<\/span>\r\n<\/a>\t\t\t\t<\/div>\n\t\t\t\t<\/div>\n\t\t\t\t\t<\/div>\n\t\t<\/div>\n\t\t\t\t\t<\/div>\n\t\t<\/section>\n\t\t\t\t<section class=\"elementor-section elementor-top-section elementor-element elementor-element-92c1e1b elementor-section-full_width elementor-section-height-default elementor-section-height-default qodef-elementor-content-no\" data-id=\"92c1e1b\" data-element_type=\"section\" data-settings=\"{&quot;background_background&quot;:&quot;classic&quot;}\">\n\t\t\t\t\t\t<div class=\"elementor-container elementor-column-gap-default\">\n\t\t\t\t\t<div class=\"elementor-column elementor-col-50 elementor-top-column elementor-element elementor-element-d3be2af\" data-id=\"d3be2af\" data-element_type=\"column\" data-settings=\"{&quot;background_background&quot;:&quot;classic&quot;}\">\n\t\t\t<div class=\"elementor-widget-wrap elementor-element-populated\">\n\t\t\t\t\t\t<div class=\"elementor-element elementor-element-716e6c6 elementor-widget elementor-widget-spacer\" data-id=\"716e6c6\" data-element_type=\"widget\" data-widget_type=\"spacer.default\">\n\t\t\t\t<div class=\"elementor-widget-container\">\n\t\t\t\t\t\t\t<div class=\"elementor-spacer\">\n\t\t\t<div class=\"elementor-spacer-inner\"><\/div>\n\t\t<\/div>\n\t\t\t\t\t\t<\/div>\n\t\t\t\t<\/div>\n\t\t\t\t\t<\/div>\n\t\t<\/div>\n\t\t\t\t<div class=\"elementor-column elementor-col-50 elementor-top-column elementor-element elementor-element-2fad411\" data-id=\"2fad411\" data-element_type=\"column\">\n\t\t\t<div class=\"elementor-widget-wrap elementor-element-populated\">\n\t\t\t\t\t\t<section class=\"elementor-section elementor-inner-section elementor-element elementor-element-f8c23f4 elementor-section-full_width elementor-section-height-default elementor-section-height-default qodef-elementor-content-no\" data-id=\"f8c23f4\" data-element_type=\"section\">\n\t\t\t\t\t\t<div class=\"elementor-container elementor-column-gap-default\">\n\t\t\t\t\t<div class=\"elementor-column elementor-col-100 elementor-inner-column elementor-element elementor-element-f149ce4\" data-id=\"f149ce4\" data-element_type=\"column\">\n\t\t\t<div class=\"elementor-widget-wrap elementor-element-populated\">\n\t\t\t\t\t\t<div class=\"elementor-element elementor-element-4a8b948 elementor-widget elementor-widget-augustine_core_section_title\" data-id=\"4a8b948\" data-element_type=\"widget\" data-widget_type=\"augustine_core_section_title.default\">\n\t\t\t\t<div class=\"elementor-widget-container\">\n\t\t\t\t\t<div class=\"qodef-shortcode qodef-m  qodef-section-title qodef-alignment--left    qodef-separator-appear \">\r\n\t\t\t\t<h4 class=\"qodef-m-title\" style=\"margin-top: -6px\">\r\n\t\t\t\t\tDu studio \u00e0 la suite famille\t\t\t<\/h4>\r\n\t\t<\/div>\t\t\t\t<\/div>\n\t\t\t\t<\/div>\n\t\t\t\t<div class=\"elementor-element elementor-element-24a1c13 elementor-widget__width-initial elementor-widget-tablet__width-inherit elementor-widget elementor-widget-text-editor\" data-id=\"24a1c13\" data-element_type=\"widget\" data-widget_type=\"text-editor.default\">\n\t\t\t\t<div class=\"elementor-widget-container\">\n\t\t\t\t\t\t\t\t\t<p>Toutes les chambres sont \u00e9quip\u00e9es d\u2019\u00e9crans plats connect\u00e9s de 125 cm, c\u00e2bl\u00e9 d\u2019un r\u00e9seau de cha\u00eenes satellite et TNT\/ Douches \u00e0 l&rsquo;italienne \/ WIFI ultra performant gr\u00e2ce \u00e0 la fibre \/ plateau de courtoisie avec bouilloire \/ Petit d\u00e9jeuner enfant et caf\u00e9-th\u00e9 offert.<br \/><br \/><strong>Types de Chambres :<\/strong><\/p>\t\t\t\t\t\t\t\t<\/div>\n\t\t\t\t<\/div>\n\t\t\t\t<div class=\"elementor-element elementor-element-080294c elementor-widget elementor-widget-augustine_core_icon_list_item\" data-id=\"080294c\" data-element_type=\"widget\" data-widget_type=\"augustine_core_icon_list_item.default\">\n\t\t\t\t<div class=\"elementor-widget-container\">\n\t\t\t\t\t<div class=\"qodef-icon-list-item qodef-icon--icon-pack\" >\r\n\t<p class=\"qodef-e-title\" >\r\n\t\t\t\t\t<span class=\"qodef-e-title-inner\">\r\n\t\t\t\t<span class=\"qodef-shortcode qodef-m  qodef-icon-holder  qodef-layout--normal\"  style=\"top: 1px\">\r\t        <span class=\"qodef-icon-dripicons dripicons-checkmark qodef-icon qodef-e\" style=\"color: #000000\" ><\/span>    <\/span>\t\t\t\t<span class=\"qodef-e-title-text\">Twins<\/span>\r\n\t\t\t<\/span>\r\n\t\t\t<\/p>\r\n<\/div>\t\t\t\t<\/div>\n\t\t\t\t<\/div>\n\t\t\t\t<div class=\"elementor-element elementor-element-a1cd491 elementor-widget elementor-widget-augustine_core_icon_list_item\" data-id=\"a1cd491\" data-element_type=\"widget\" data-widget_type=\"augustine_core_icon_list_item.default\">\n\t\t\t\t<div class=\"elementor-widget-container\">\n\t\t\t\t\t<div class=\"qodef-icon-list-item qodef-icon--icon-pack\" >\r\n\t<p class=\"qodef-e-title\" >\r\n\t\t\t\t\t<span class=\"qodef-e-title-inner\">\r\n\t\t\t\t<span class=\"qodef-shortcode qodef-m  qodef-icon-holder  qodef-layout--normal\"  style=\"top: 1px\">\r\t        <span class=\"qodef-icon-dripicons dripicons-checkmark qodef-icon qodef-e\" style=\"color: #000000\" ><\/span>    <\/span>\t\t\t\t<span class=\"qodef-e-title-text\">Famille pour 6 personnes<\/span>\r\n\t\t\t<\/span>\r\n\t\t\t<\/p>\r\n<\/div>\t\t\t\t<\/div>\n\t\t\t\t<\/div>\n\t\t\t\t<div class=\"elementor-element elementor-element-fa09daa elementor-widget elementor-widget-augustine_core_icon_list_item\" data-id=\"fa09daa\" data-element_type=\"widget\" data-widget_type=\"augustine_core_icon_list_item.default\">\n\t\t\t\t<div class=\"elementor-widget-container\">\n\t\t\t\t\t<div class=\"qodef-icon-list-item qodef-icon--icon-pack\" >\r\n\t<p class=\"qodef-e-title\" >\r\n\t\t\t\t\t<span class=\"qodef-e-title-inner\">\r\n\t\t\t\t<span class=\"qodef-shortcode qodef-m  qodef-icon-holder  qodef-layout--normal\"  style=\"top: 1px\">\r\t        <span class=\"qodef-icon-dripicons dripicons-checkmark qodef-icon qodef-e\" style=\"color: #000000\" ><\/span>    <\/span>\t\t\t\t<span class=\"qodef-e-title-text\">Chambre pour Personne \u00e0 mobilit\u00e9 r\u00e9duite<\/span>\r\n\t\t\t<\/span>\r\n\t\t\t<\/p>\r\n<\/div>\t\t\t\t<\/div>\n\t\t\t\t<\/div>\n\t\t\t\t<div class=\"elementor-element elementor-element-726ac45 elementor-widget elementor-widget-augustine_core_icon_list_item\" data-id=\"726ac45\" data-element_type=\"widget\" data-widget_type=\"augustine_core_icon_list_item.default\">\n\t\t\t\t<div class=\"elementor-widget-container\">\n\t\t\t\t\t<div class=\"qodef-icon-list-item qodef-icon--icon-pack\" >\r\n\t<p class=\"qodef-e-title\" >\r\n\t\t\t\t\t<span class=\"qodef-e-title-inner\">\r\n\t\t\t\t<span class=\"qodef-shortcode qodef-m  qodef-icon-holder  qodef-layout--normal\"  style=\"top: 1px\">\r\t        <span class=\"qodef-icon-dripicons dripicons-checkmark qodef-icon qodef-e\" style=\"color: #000000\" ><\/span>    <\/span>\t\t\t\t<span class=\"qodef-e-title-text\">Appartement \u00e9quip\u00e9 de kitchenette avec plaque induction, micro-onde, frigo.<\/span>\r\n\t\t\t<\/span>\r\n\t\t\t<\/p>\r\n<\/div>\t\t\t\t<\/div>\n\t\t\t\t<\/div>\n\t\t\t\t\t<\/div>\n\t\t<\/div>\n\t\t\t\t\t<\/div>\n\t\t<\/section>\n\t\t\t\t\t<\/div>\n\t\t<\/div>\n\t\t\t\t\t<\/div>\n\t\t<\/section>\n\t\t\t\t<section class=\"elementor-section elementor-top-section elementor-element elementor-element-592d762 qodef-elementor-content-grid elementor-section-boxed elementor-section-height-default elementor-section-height-default\" data-id=\"592d762\" data-element_type=\"section\">\n\t\t\t\t\t\t<div class=\"elementor-container elementor-column-gap-default\">\n\t\t\t\t\t<div class=\"elementor-column elementor-col-100 elementor-top-column elementor-element elementor-element-62524a1\" data-id=\"62524a1\" data-element_type=\"column\">\n\t\t\t<div class=\"elementor-widget-wrap elementor-element-populated\">\n\t\t\t\t\t\t<div class=\"elementor-element elementor-element-f44bd65 elementor-widget elementor-widget-text-editor\" data-id=\"f44bd65\" data-element_type=\"widget\" data-widget_type=\"text-editor.default\">\n\t\t\t\t<div class=\"elementor-widget-container\">\n\t\t\t\t\t\t\t\t\t<p>L\u2019H\u00f4tel est ouvert tous les soirs sauf le dimanche soir, sauf sur demande du groupe.\u00a0<\/p><p><strong>Arriv\u00e9es \u00e0 partir de 15h00 d\u00e9part jusqu\u2019\u00e0 11h00 le matin<\/strong>.<\/p><p>Possibilit\u00e9 de petit d\u00e9jeuner en chambre. Vous appr\u00e9cierez \u00e9galement notre splendide buffet petit d\u00e9jeuner dans la salle de r\u00e9ception voulu tr\u00e8s lumineuse et conviviale.<\/p><p>Parking priv\u00e9 et face \u00e0 l\u2019h\u00f4tel de 12 places et parking devant l\u2019h\u00f4tel sous vid\u00e9o surveillance 24\/24h<\/p>\t\t\t\t\t\t\t\t<\/div>\n\t\t\t\t<\/div>\n\t\t\t\t<div class=\"elementor-element elementor-element-47dfc89 elementor-widget__width-auto elementor-widget elementor-widget-augustine_core_button\" data-id=\"47dfc89\" data-element_type=\"widget\" data-widget_type=\"augustine_core_button.default\">\n\t\t\t\t<div class=\"elementor-widget-container\">\n\t\t\t\t\t<a class=\"qodef-shortcode qodef-m  qodef-button qodef-layout--textual  qodef-html--link \" href=\"https:\/\/hotel-lemitigana.fr\/index.php\/services\/\" target=\"_self\"  style=\"font-size: 18px;font-weight: 300\">\r\n\t<span class=\"qodef-m-text\">Les services<\/span>\r\n<\/a>\t\t\t\t<\/div>\n\t\t\t\t<\/div>\n\t\t\t\t\t<\/div>\n\t\t<\/div>\n\t\t\t\t\t<\/div>\n\t\t<\/section>\n\t\t\t\t<section class=\"elementor-section elementor-top-section elementor-element elementor-element-9cf77ea elementor-section-full_width elementor-section-height-default elementor-section-height-default qodef-elementor-content-no\" data-id=\"9cf77ea\" data-element_type=\"section\">\n\t\t\t\t\t\t<div class=\"elementor-container elementor-column-gap-default\">\n\t\t\t\t\t<div class=\"elementor-column elementor-col-100 elementor-top-column elementor-element elementor-element-978f1a5\" data-id=\"978f1a5\" data-element_type=\"column\">\n\t\t\t<div class=\"elementor-widget-wrap elementor-element-populated\">\n\t\t\t\t\t\t<div class=\"elementor-element elementor-element-81795d1 elementor-widget elementor-widget-augustine_core_image_gallery\" data-id=\"81795d1\" data-element_type=\"widget\" data-widget_type=\"augustine_core_image_gallery.default\">\n\t\t\t\t<div class=\"elementor-widget-container\">\n\t\t\t\t\t<div class=\"qodef-image-gallery-holder\">\r\n\t\t\t<div class=\"qodef-image-gallery-pag\">\r\n\t\t\t<span class=\"qodef-e--current\">01<\/span>\/<span class=\"qodef-e--all\">08<\/span>\r\n\t\t<\/div>\r\n\t\t<div class=\"qodef-shortcode qodef-m  qodef-image-gallery   qodef-swiper-container   qodef-grid qodef-layout--slider-spec  qodef-gutter--normal qodef-col-num--2.5  qodef-responsive--custom qodef-col-num--1440--2.5 qodef-col-num--1366--2.5 qodef-col-num--1024--2.5 qodef-col-num--768--2.5 qodef-col-num--680--1.5 qodef-col-num--480--1.5\" data-options=\"{&quot;slidesPerView&quot;:2.5,&quot;spaceBetween&quot;:30,&quot;loop&quot;:true,&quot;autoplay&quot;:true,&quot;speed&quot;:&quot;&quot;,&quot;speedAnimation&quot;:&quot;&quot;,&quot;centeredSlides&quot;:false,&quot;effect&quot;:&quot;slide&quot;,&quot;customStages&quot;:true,&quot;slidesPerView1440&quot;:2.5,&quot;slidesPerView1366&quot;:2.5,&quot;slidesPerView1024&quot;:2.5,&quot;slidesPerView768&quot;:2.5,&quot;slidesPerView680&quot;:1.5,&quot;slidesPerView480&quot;:1.5}\">\r\n\t\t<div class=\"swiper-wrapper\">\r\n\t\t\t<div class=\"qodef-e qodef-image-wrapper swiper-slide swiper-slide\">\r\n    <img fetchpriority=\"high\" decoding=\"async\" src=\"https:\/\/hotel-lemitigana.fr\/wp-content\/uploads\/2021\/07\/DSC_2194-800x800.jpg\" alt=\"\" width=\"800\" height=\"800\" \/><\/div><div class=\"qodef-e qodef-image-wrapper swiper-slide swiper-slide\">\r\n    <img decoding=\"async\" src=\"https:\/\/hotel-lemitigana.fr\/wp-content\/uploads\/2021\/10\/DSC_2111-800x800.jpg\" alt=\"\" width=\"800\" height=\"800\" \/><\/div><div class=\"qodef-e qodef-image-wrapper swiper-slide swiper-slide\">\r\n    <img decoding=\"async\" src=\"https:\/\/hotel-lemitigana.fr\/wp-content\/uploads\/2021\/10\/DSC_2110-800x800.jpg\" alt=\"\" width=\"800\" height=\"800\" \/><\/div><div class=\"qodef-e qodef-image-wrapper swiper-slide swiper-slide\">\r\n    <img loading=\"lazy\" decoding=\"async\" src=\"https:\/\/hotel-lemitigana.fr\/wp-content\/uploads\/2021\/10\/DSC_2107-800x800.jpg\" alt=\"\" width=\"800\" height=\"800\" \/><\/div><div class=\"qodef-e qodef-image-wrapper swiper-slide swiper-slide\">\r\n    <img loading=\"lazy\" decoding=\"async\" src=\"https:\/\/hotel-lemitigana.fr\/wp-content\/uploads\/2021\/07\/DSC_2190-800x800.jpg\" alt=\"\" width=\"800\" height=\"800\" \/><\/div><div class=\"qodef-e qodef-image-wrapper swiper-slide swiper-slide\">\r\n    <img loading=\"lazy\" decoding=\"async\" src=\"https:\/\/hotel-lemitigana.fr\/wp-content\/uploads\/2021\/10\/DSC_2132-800x800.jpg\" alt=\"\" width=\"800\" height=\"800\" \/><\/div><div class=\"qodef-e qodef-image-wrapper swiper-slide swiper-slide\">\r\n    <img loading=\"lazy\" decoding=\"async\" src=\"https:\/\/hotel-lemitigana.fr\/wp-content\/uploads\/2021\/10\/DSC_2249-800x800.jpg\" alt=\"\" width=\"800\" height=\"800\" \/><\/div><div class=\"qodef-e qodef-image-wrapper swiper-slide swiper-slide\">\r\n    <img loading=\"lazy\" decoding=\"async\" src=\"https:\/\/hotel-lemitigana.fr\/wp-content\/uploads\/2021\/07\/DSC_2245-800x800.jpg\" alt=\"\" width=\"800\" height=\"800\" \/><\/div>\t\t<\/div>\r\n\t<\/div>\r\n<\/div>\t\t\t\t<\/div>\n\t\t\t\t<\/div>\n\t\t\t\t\t<\/div>\n\t\t<\/div>\n\t\t\t\t\t<\/div>\n\t\t<\/section>\n\t\t\t\t<\/div>\n\t\t","protected":false},"excerpt":{"rendered":"<p>traiteur et organisateur d\u2019\u00e9v\u00e8nements le confort d\u2019un h\u00f4telde standing L&rsquo;h\u00f4tel est enti\u00e8rement climatis\u00e9 et insonoris\u00e9 conform\u00e9ment aux derni\u00e8res normes en vigueur. Il se compose de 18 chambres et 2 appart\u2019 h\u00f4tel et b\u00e9n\u00e9ficie de tout le confort d\u2019un h\u00f4tel 3 \u00e9toiles. R\u00e9servation en Ligne Du studio \u00e0 la suite famille Toutes les chambres sont \u00e9quip\u00e9es [&hellip;]<\/p>\n","protected":false},"author":1,"featured_media":0,"parent":0,"menu_order":0,"comment_status":"closed","ping_status":"closed","template":"","meta":{"footnotes":""},"class_list":["post-11340","page","type-page","status-publish","hentry"],"yoast_head":"<!-- This site is optimized with the Yoast SEO plugin v25.1 - https:\/\/yoast.com\/wordpress\/plugins\/seo\/ -->\n<title>L&#039;H\u00f4tel - Le Mitigana - H\u00f4tel Restaurant *** en plein c\u0153ur de Migennes<\/title>\n<meta name=\"description\" content=\"L\u2019h\u00f4tel est enti\u00e8rement climatis\u00e9 et insonoris\u00e9 conform\u00e9ment aux derni\u00e8res normes en vigueur et b\u00e9n\u00e9ficie du confort d\u2019un h\u00f4tel 3 \u00e9toiles.\" \/>\n<meta name=\"robots\" content=\"index, follow, max-snippet:-1, max-image-preview:large, max-video-preview:-1\" \/>\n<link rel=\"canonical\" href=\"https:\/\/hotel-lemitigana.fr\/index.php\/lhotel\/\" \/>\n<meta property=\"og:locale\" content=\"fr_FR\" \/>\n<meta property=\"og:type\" content=\"article\" \/>\n<meta property=\"og:title\" content=\"L&#039;H\u00f4tel - Le Mitigana - H\u00f4tel Restaurant *** en plein c\u0153ur de Migennes\" \/>\n<meta property=\"og:description\" content=\"L\u2019h\u00f4tel est enti\u00e8rement climatis\u00e9 et insonoris\u00e9 conform\u00e9ment aux derni\u00e8res normes en vigueur et b\u00e9n\u00e9ficie du confort d\u2019un h\u00f4tel 3 \u00e9toiles.\" \/>\n<meta property=\"og:url\" content=\"https:\/\/hotel-lemitigana.fr\/index.php\/lhotel\/\" \/>\n<meta property=\"og:site_name\" content=\"H\u00f4tel Restaurant Le Mitigana\" \/>\n<meta property=\"article:modified_time\" content=\"2021-10-27T08:09:14+00:00\" \/>\n<meta property=\"og:image\" content=\"https:\/\/hotel-lemitigana.fr\/wp-content\/uploads\/2021\/07\/DSC_2194-800x800.jpg\" \/>\n<meta name=\"twitter:card\" content=\"summary_large_image\" \/>\n<meta name=\"twitter:label1\" content=\"Dur\u00e9e de lecture estim\u00e9e\" \/>\n\t<meta name=\"twitter:data1\" content=\"4 minutes\" \/>\n<script type=\"application\/ld+json\" class=\"yoast-schema-graph\">{\"@context\":\"https:\/\/schema.org\",\"@graph\":[{\"@type\":\"WebPage\",\"@id\":\"https:\/\/hotel-lemitigana.fr\/index.php\/lhotel\/\",\"url\":\"https:\/\/hotel-lemitigana.fr\/index.php\/lhotel\/\",\"name\":\"L'H\u00f4tel - Le Mitigana - H\u00f4tel Restaurant *** en plein c\u0153ur de Migennes\",\"isPartOf\":{\"@id\":\"https:\/\/hotel-lemitigana.fr\/#website\"},\"primaryImageOfPage\":{\"@id\":\"https:\/\/hotel-lemitigana.fr\/index.php\/lhotel\/#primaryimage\"},\"image\":{\"@id\":\"https:\/\/hotel-lemitigana.fr\/index.php\/lhotel\/#primaryimage\"},\"thumbnailUrl\":\"https:\/\/hotel-lemitigana.fr\/wp-content\/uploads\/2021\/07\/DSC_2194-800x800.jpg\",\"datePublished\":\"2021-07-17T10:04:35+00:00\",\"dateModified\":\"2021-10-27T08:09:14+00:00\",\"description\":\"L\u2019h\u00f4tel est enti\u00e8rement climatis\u00e9 et insonoris\u00e9 conform\u00e9ment aux derni\u00e8res normes en vigueur et b\u00e9n\u00e9ficie du confort d\u2019un h\u00f4tel 3 \u00e9toiles.\",\"breadcrumb\":{\"@id\":\"https:\/\/hotel-lemitigana.fr\/index.php\/lhotel\/#breadcrumb\"},\"inLanguage\":\"fr-FR\",\"potentialAction\":[{\"@type\":\"ReadAction\",\"target\":[\"https:\/\/hotel-lemitigana.fr\/index.php\/lhotel\/\"]}]},{\"@type\":\"ImageObject\",\"inLanguage\":\"fr-FR\",\"@id\":\"https:\/\/hotel-lemitigana.fr\/index.php\/lhotel\/#primaryimage\",\"url\":\"https:\/\/hotel-lemitigana.fr\/wp-content\/uploads\/2021\/07\/DSC_2194.jpg\",\"contentUrl\":\"https:\/\/hotel-lemitigana.fr\/wp-content\/uploads\/2021\/07\/DSC_2194.jpg\",\"width\":2048,\"height\":1363},{\"@type\":\"BreadcrumbList\",\"@id\":\"https:\/\/hotel-lemitigana.fr\/index.php\/lhotel\/#breadcrumb\",\"itemListElement\":[{\"@type\":\"ListItem\",\"position\":1,\"name\":\"Accueil\",\"item\":\"https:\/\/hotel-lemitigana.fr\/\"},{\"@type\":\"ListItem\",\"position\":2,\"name\":\"L&rsquo;H\u00f4tel\"}]},{\"@type\":\"WebSite\",\"@id\":\"https:\/\/hotel-lemitigana.fr\/#website\",\"url\":\"https:\/\/hotel-lemitigana.fr\/\",\"name\":\"H\u00f4tel Restaurant Le Mitigana\",\"description\":\"Restaurant \u00e0 Migennes\",\"publisher\":{\"@id\":\"https:\/\/hotel-lemitigana.fr\/#organization\"},\"potentialAction\":[{\"@type\":\"SearchAction\",\"target\":{\"@type\":\"EntryPoint\",\"urlTemplate\":\"https:\/\/hotel-lemitigana.fr\/?s={search_term_string}\"},\"query-input\":{\"@type\":\"PropertyValueSpecification\",\"valueRequired\":true,\"valueName\":\"search_term_string\"}}],\"inLanguage\":\"fr-FR\"},{\"@type\":\"Organization\",\"@id\":\"https:\/\/hotel-lemitigana.fr\/#organization\",\"name\":\"H\u00f4tel Restaurant Le Mitigana\",\"url\":\"https:\/\/hotel-lemitigana.fr\/\",\"logo\":{\"@type\":\"ImageObject\",\"inLanguage\":\"fr-FR\",\"@id\":\"https:\/\/hotel-lemitigana.fr\/#\/schema\/logo\/image\/\",\"url\":\"https:\/\/hotel-lemitigana.fr\/wp-content\/uploads\/2021\/07\/cropped-Logo-hotel-restaurant-le-mitigana.png\",\"contentUrl\":\"https:\/\/hotel-lemitigana.fr\/wp-content\/uploads\/2021\/07\/cropped-Logo-hotel-restaurant-le-mitigana.png\",\"width\":600,\"height\":152,\"caption\":\"H\u00f4tel Restaurant Le Mitigana\"},\"image\":{\"@id\":\"https:\/\/hotel-lemitigana.fr\/#\/schema\/logo\/image\/\"}}]}<\/script>\n<!-- \/ Yoast SEO plugin. -->","yoast_head_json":{"title":"L'H\u00f4tel - Le Mitigana - H\u00f4tel Restaurant *** en plein c\u0153ur de Migennes","description":"L\u2019h\u00f4tel est enti\u00e8rement climatis\u00e9 et insonoris\u00e9 conform\u00e9ment aux derni\u00e8res normes en vigueur et b\u00e9n\u00e9ficie du confort d\u2019un h\u00f4tel 3 \u00e9toiles.","robots":{"index":"index","follow":"follow","max-snippet":"max-snippet:-1","max-image-preview":"max-image-preview:large","max-video-preview":"max-video-preview:-1"},"canonical":"https:\/\/hotel-lemitigana.fr\/index.php\/lhotel\/","og_locale":"fr_FR","og_type":"article","og_title":"L'H\u00f4tel - Le Mitigana - H\u00f4tel Restaurant *** en plein c\u0153ur de Migennes","og_description":"L\u2019h\u00f4tel est enti\u00e8rement climatis\u00e9 et insonoris\u00e9 conform\u00e9ment aux derni\u00e8res normes en vigueur et b\u00e9n\u00e9ficie du confort d\u2019un h\u00f4tel 3 \u00e9toiles.","og_url":"https:\/\/hotel-lemitigana.fr\/index.php\/lhotel\/","og_site_name":"H\u00f4tel Restaurant Le Mitigana","article_modified_time":"2021-10-27T08:09:14+00:00","og_image":[{"url":"https:\/\/hotel-lemitigana.fr\/wp-content\/uploads\/2021\/07\/DSC_2194-800x800.jpg","type":"","width":"","height":""}],"twitter_card":"summary_large_image","twitter_misc":{"Dur\u00e9e de lecture estim\u00e9e":"4 minutes"},"schema":{"@context":"https:\/\/schema.org","@graph":[{"@type":"WebPage","@id":"https:\/\/hotel-lemitigana.fr\/index.php\/lhotel\/","url":"https:\/\/hotel-lemitigana.fr\/index.php\/lhotel\/","name":"L'H\u00f4tel - Le Mitigana - H\u00f4tel Restaurant *** en plein c\u0153ur de Migennes","isPartOf":{"@id":"https:\/\/hotel-lemitigana.fr\/#website"},"primaryImageOfPage":{"@id":"https:\/\/hotel-lemitigana.fr\/index.php\/lhotel\/#primaryimage"},"image":{"@id":"https:\/\/hotel-lemitigana.fr\/index.php\/lhotel\/#primaryimage"},"thumbnailUrl":"https:\/\/hotel-lemitigana.fr\/wp-content\/uploads\/2021\/07\/DSC_2194-800x800.jpg","datePublished":"2021-07-17T10:04:35+00:00","dateModified":"2021-10-27T08:09:14+00:00","description":"L\u2019h\u00f4tel est enti\u00e8rement climatis\u00e9 et insonoris\u00e9 conform\u00e9ment aux derni\u00e8res normes en vigueur et b\u00e9n\u00e9ficie du confort d\u2019un h\u00f4tel 3 \u00e9toiles.","breadcrumb":{"@id":"https:\/\/hotel-lemitigana.fr\/index.php\/lhotel\/#breadcrumb"},"inLanguage":"fr-FR","potentialAction":[{"@type":"ReadAction","target":["https:\/\/hotel-lemitigana.fr\/index.php\/lhotel\/"]}]},{"@type":"ImageObject","inLanguage":"fr-FR","@id":"https:\/\/hotel-lemitigana.fr\/index.php\/lhotel\/#primaryimage","url":"https:\/\/hotel-lemitigana.fr\/wp-content\/uploads\/2021\/07\/DSC_2194.jpg","contentUrl":"https:\/\/hotel-lemitigana.fr\/wp-content\/uploads\/2021\/07\/DSC_2194.jpg","width":2048,"height":1363},{"@type":"BreadcrumbList","@id":"https:\/\/hotel-lemitigana.fr\/index.php\/lhotel\/#breadcrumb","itemListElement":[{"@type":"ListItem","position":1,"name":"Accueil","item":"https:\/\/hotel-lemitigana.fr\/"},{"@type":"ListItem","position":2,"name":"L&rsquo;H\u00f4tel"}]},{"@type":"WebSite","@id":"https:\/\/hotel-lemitigana.fr\/#website","url":"https:\/\/hotel-lemitigana.fr\/","name":"H\u00f4tel Restaurant Le Mitigana","description":"Restaurant \u00e0 Migennes","publisher":{"@id":"https:\/\/hotel-lemitigana.fr\/#organization"},"potentialAction":[{"@type":"SearchAction","target":{"@type":"EntryPoint","urlTemplate":"https:\/\/hotel-lemitigana.fr\/?s={search_term_string}"},"query-input":{"@type":"PropertyValueSpecification","valueRequired":true,"valueName":"search_term_string"}}],"inLanguage":"fr-FR"},{"@type":"Organization","@id":"https:\/\/hotel-lemitigana.fr\/#organization","name":"H\u00f4tel Restaurant Le Mitigana","url":"https:\/\/hotel-lemitigana.fr\/","logo":{"@type":"ImageObject","inLanguage":"fr-FR","@id":"https:\/\/hotel-lemitigana.fr\/#\/schema\/logo\/image\/","url":"https:\/\/hotel-lemitigana.fr\/wp-content\/uploads\/2021\/07\/cropped-Logo-hotel-restaurant-le-mitigana.png","contentUrl":"https:\/\/hotel-lemitigana.fr\/wp-content\/uploads\/2021\/07\/cropped-Logo-hotel-restaurant-le-mitigana.png","width":600,"height":152,"caption":"H\u00f4tel Restaurant Le Mitigana"},"image":{"@id":"https:\/\/hotel-lemitigana.fr\/#\/schema\/logo\/image\/"}}]}},"_links":{"self":[{"href":"https:\/\/hotel-lemitigana.fr\/index.php\/wp-json\/wp\/v2\/pages\/11340","targetHints":{"allow":["GET"]}}],"collection":[{"href":"https:\/\/hotel-lemitigana.fr\/index.php\/wp-json\/wp\/v2\/pages"}],"about":[{"href":"https:\/\/hotel-lemitigana.fr\/index.php\/wp-json\/wp\/v2\/types\/page"}],"author":[{"embeddable":true,"href":"https:\/\/hotel-lemitigana.fr\/index.php\/wp-json\/wp\/v2\/users\/1"}],"replies":[{"embeddable":true,"href":"https:\/\/hotel-lemitigana.fr\/index.php\/wp-json\/wp\/v2\/comments?post=11340"}],"version-history":[{"count":54,"href":"https:\/\/hotel-lemitigana.fr\/index.php\/wp-json\/wp\/v2\/pages\/11340\/revisions"}],"predecessor-version":[{"id":12390,"href":"https:\/\/hotel-lemitigana.fr\/index.php\/wp-json\/wp\/v2\/pages\/11340\/revisions\/12390"}],"wp:attachment":[{"href":"https:\/\/hotel-lemitigana.fr\/index.php\/wp-json\/wp\/v2\/media?parent=11340"}],"curies":[{"name":"wp","href":"https:\/\/api.w.org\/{rel}","templated":true}]}}