{"id":11194,"date":"2021-07-15T15:36:17","date_gmt":"2021-07-15T13:36:17","guid":{"rendered":"https:\/\/hotel-lemitigana.fr\/?page_id=11194"},"modified":"2021-10-20T21:05:18","modified_gmt":"2021-10-20T19:05:18","slug":"mentions-legales","status":"publish","type":"page","link":"https:\/\/hotel-lemitigana.fr\/index.php\/mentions-legales\/","title":{"rendered":"Mentions L\u00e9gales"},"content":{"rendered":"\t\t<div data-elementor-type=\"wp-page\" data-elementor-id=\"11194\" class=\"elementor elementor-11194\">\n\t\t\t\t\t\t<section class=\"elementor-section elementor-top-section elementor-element elementor-element-eff10b8 elementor-section-boxed elementor-section-height-default elementor-section-height-default qodef-elementor-content-no\" data-id=\"eff10b8\" data-element_type=\"section\">\n\t\t\t\t\t\t<div class=\"elementor-container elementor-column-gap-default\">\n\t\t\t\t\t<div class=\"elementor-column elementor-col-100 elementor-top-column elementor-element elementor-element-980d40a\" data-id=\"980d40a\" data-element_type=\"column\">\n\t\t\t<div class=\"elementor-widget-wrap elementor-element-populated\">\n\t\t\t\t\t\t<div class=\"elementor-element elementor-element-4c7ec2d elementor-widget elementor-widget-text-editor\" data-id=\"4c7ec2d\" data-element_type=\"widget\" data-widget_type=\"text-editor.default\">\n\t\t\t\t<div class=\"elementor-widget-container\">\n\t\t\t\t\t\t\t\t\t<h3>Identification de l\u2019\u00e9diteur du site<\/h3><table><tbody><tr><td>Soci\u00e9t\u00e9 :<\/td><td>H\u00f4tel Le Mitigana<\/td><\/tr><tr><td>Adresse postale :<\/td><td><a style=\"font-family: Quicksand; letter-spacing: 1.1px; line-height: 28px;\" href=\"https:\/\/www.google.com\/maps\/place\/H%C3%B4tel+Restaurant+Le+Mitigana\/@47.9624383,3.5128282,15z\/data=!4m5!3m4!1s0x0:0x1c2d22c10ed65c32!8m2!3d47.9624492!4d3.5130357\" target=\"_blank\" rel=\"noopener\">16 Avenue Roger Salengro<br \/>89400 Migennes<\/a><\/td><\/tr><tr><td>Si\u00e8ge social :<\/td><td>FRANCE<\/td><\/tr><tr><td>T\u00e9l\u00e9phone :<\/td><td><a href=\"tel:+33380247358\">+33 <\/a><a style=\"font-family: Quicksand;\" href=\"tel:0358449011\">(0)3 58 44 90 11<\/a><\/td><\/tr><tr><td>Adresse \u00e9lectronique (Courriel) :<\/td><td><a href=\"mailto:contact@hotel-lemitigana.fr\">contact@hotel-lemitigana.fr<\/a>\u00a0<\/td><\/tr><tr><td>Immatricul\u00e9e au RCS sous SIREN :<\/td><td>RCS SENS<\/td><\/tr><tr><td>SIRET :<\/td><td>89460081600017<\/td><\/tr><tr><td>N RCS :<\/td><td>Sens B 894\u00a0600\u00a0816<\/td><\/tr><tr><td>Capital social :<\/td><td>10 000 \u20ac<\/td><\/tr><tr><td>Num\u00e9ro individuel d\u2019identification \u00e0 la TVA :<\/td><td>TVA\u00a0FR58894600816<\/td><\/tr><tr><td>Directeur de la publication :<\/td><td>Nicolas BRELAUD<\/td><\/tr><tr><td>Responsable l\u00e9gal :<\/td><td>Nicolas BRELAUD<\/td><\/tr><\/tbody><\/table><div><h3>R\u00e9alisation du site &amp; H\u00e9bergement<\/h3><table><tbody><tr><td>Soci\u00e9t\u00e9 :<\/td><td>COMMUNIK&amp;VOUS<\/td><\/tr><tr><td>Adresse web :<\/td><td><a>www.communik-vous.com<\/a><\/td><\/tr><tr><td>Adresse postale :<\/td><td>6, Place de l&rsquo;H\u00f4tel de Ville &#8211; FRANCE<\/td><\/tr><tr><td>T\u00e9l\u00e9phone :<\/td><td><a href=\"tel:+33386461069\">+33\u00a0<\/a>(O)9 74 97 22 71<\/td><\/tr><tr><td>H\u00e9bergeur<\/td><td><p>OVH<\/p><p>SAS au capital de 10 069 020 \u20ac<br \/>RCS Lille M\u00e9tropole 424 761 419 00045<br \/>Code APE 2620Z<br \/>N\u00b0 TVA : FR 22 424 761 419<br \/>Si\u00e8ge social : 2 rue Kellermann \u2013 59100 Roubaix \u2013 France<\/p><\/td><\/tr><tr><td>Adresse \u00e9lectronique (Courriel) :<\/td><td>contact@communik-vous.com<\/td><\/tr><tr><td>Immatricul\u00e9e au RCS :<\/td><td>Auxerre<\/td><\/tr><tr><td>SIRET :<\/td><td>831 062 039<\/td><\/tr><tr><td>Code APE :<\/td><td>7021Z<\/td><\/tr><tr><td>Capital social :<\/td><td>50 000,00 \u20ac<\/td><\/tr><tr><td>Num\u00e9ro individuel d\u2019identification \u00e0 la TVA :<\/td><td>FR76 831 062 039<\/td><\/tr><tr><td>Responsable l\u00e9gal :<\/td><td>Fanny VIAUT<\/td><\/tr><\/tbody><\/table><h3>Logo &amp; Photos<\/h3><table><tbody><tr><td>Cr\u00e9dits photos :<\/td><td>H\u00f4tel Le Mitigana<\/td><\/tr><tr><td>Logo et cr\u00e9ation graphique :<\/td><td>Communik&amp;Vous<\/td><\/tr><\/tbody><\/table><p>En choisissant d\u2019acc\u00e9der au site, l\u2019utilisateur accepte, express\u00e9ment et irr\u00e9vocablement, les termes ci-apr\u00e8s.<\/p><h3>Avertissement<\/h3><p>L\u2019acc\u00e8s et l\u2019utilisation du site hotel-lemitigana.fr sont soumis aux pr\u00e9sentes conditions d\u2019acc\u00e8s et d\u2019utilisation, qui vous engagent, et que vous \u00eates tenus de respecter.<br \/>En cons\u00e9quence, nous vous recommandons de lire attentivement ce qui suit. H\u00d4TEL LE MITIGANA revendique sa qualit\u00e9 d\u2019entreprise responsable.<br \/>Nous vous rappelons, \u00e0 ce titre, que l\u2019abus d\u2019alcool est dangereux pour la sant\u00e9. L\u2019alcool doit \u00eatre consomm\u00e9 avec mod\u00e9ration.<br \/>L\u2019acc\u00e8s et l\u2019utilisation du site\u00a0hotel-lemitigana.fr\u00a0par des personnes situ\u00e9es en France, sont strictement r\u00e9serv\u00e9s aux personnes majeures.<br \/>C\u2019est pour cette raison que l\u2019ann\u00e9e de votre naissance vous est demand\u00e9e lors de chaque acc\u00e8s au site.<br \/>Toute contravention \u00e0 ce qui pr\u00e9c\u00e8de, et notamment, toute indication erron\u00e9e ou falsifi\u00e9e concernant l\u2019\u00e2ge de l\u2019utilisateur du site hotel-lemitigana.fr ne saurait engager la responsabilit\u00e9 de la soci\u00e9t\u00e9 H\u00d4TEL LE MITIGANA.<\/p><p>L\u2019acc\u00e8s et l\u2019utilisation du site hotel-lemitigana.fr dans les autres pays et territoires o\u00f9 la consommation d\u2019alcool est autoris\u00e9e, sont strictement r\u00e9serv\u00e9s aux personnes l\u00e9galement autoris\u00e9es \u00e0 consommer des boissons alcoolis\u00e9es.<br \/>En cons\u00e9quence, les personnes situ\u00e9es dans un pays ou territoire o\u00f9 l\u2019utilisation du site\u00a0hotel-lemitigana.fr\u00a0n\u2019est pas autoris\u00e9e par les lois et r\u00e8glements en vigueur, ou les personnes n\u2019ayant pas l\u2019\u00e2ge requis pour acc\u00e9der \u00e0 ce site sont pri\u00e9es de quitter imm\u00e9diatement le site <a href=\"http:\/\/hotel-lemitigana.fr\">hotel-lemitigana.fr<\/a> .<\/p><h3>Droits d\u2019auteur \u2013 Copyright<\/h3><p>L\u2019ensemble de ce site rel\u00e8ve de la l\u00e9gislation fran\u00e7aise et internationale sur le droit d\u2019auteur et la propri\u00e9t\u00e9 intellectuelle.<br \/>Les photographies, textes, slogans, dessins, images, s\u00e9quences anim\u00e9es sonores ou non ainsi que toutes \u0153uvres int\u00e9gr\u00e9es dans le site sont la propri\u00e9t\u00e9 de la soci\u00e9t\u00e9 H\u00d4TEL LE MITIGANA ou de tiers ayant autoris\u00e9 HOTEL LE MITIGANA \u00e0 les utiliser.<br \/>Les logos, ic\u00f4nes et puces graphiques repr\u00e9sent\u00e9s sur le site sont prot\u00e9g\u00e9s au titre des droits d\u2019auteur et des articles L.511.1 et suivants du Code de la propri\u00e9t\u00e9 intellectuelle relatifs \u00e0 la protection des mod\u00e8les d\u00e9pos\u00e9s.<br \/>Tous les droits de reproduction sont r\u00e9serv\u00e9s et strictement limit\u00e9s, y compris pour les documents t\u00e9l\u00e9chargeables et les repr\u00e9sentations iconographiques et photographiques.<br \/>Les marques cit\u00e9es sur ce site sont d\u00e9pos\u00e9es par les soci\u00e9t\u00e9s qui en sont propri\u00e9taires.<br \/>Toute utilisation non autoris\u00e9e de tout ou partie de ces droits par des tiers est susceptible de donner lieu \u00e0 des poursuites judiciaires.<\/p><h3>Contenu du site<\/h3><p>H\u00d4TEL LE MITIGANA \u00a0d\u00e9cline toute responsabilit\u00e9 en cas de retard de mise \u00e0 jour, de m\u00eame qu\u2019en cas d\u2019interruption ou d\u2019indisponibilit\u00e9 temporaire du service.<br \/>H\u00d4TEL LE MITIGANA\u00a0se r\u00e9serve le droit de corriger, \u00e0 tout moment et sans pr\u00e9avis, le contenu de ce site.<\/p><p>Les reproductions, sur un support papier ou informatique, dudit site et des \u0153uvres qui y sont reproduites sont autoris\u00e9es sous r\u00e9serve qu\u2019elles soient strictement r\u00e9serv\u00e9es \u00e0 un usage personnel et priv\u00e9.<\/p><p>Cela exclut tout usage \u00e0 des fins publicitaires et\/ou commerciales, et\/ou d\u2019information et\/ou qu\u2019elles soient conformes aux dispositions de l\u2019article L.122-5 du Code de la propri\u00e9t\u00e9 intellectuelle.<\/p><p>Toute reproduction, repr\u00e9sentation, utilisation ou modification, par quelque proc\u00e9d\u00e9 que ce soit et sur quelque support que ce soit, de tout ou partie du site, de tout ou partie des diff\u00e9rentes \u0153uvres qui le composent, sans avoir obtenu l\u2019autorisation pr\u00e9alable du directeur de la publication est strictement interdite, constitue un d\u00e9lit de contrefa\u00e7on et peut donner suite \u00e0 des poursuites judiciaires civiles et\/ou p\u00e9nales, ainsi qu\u2019au paiement de dommages et int\u00e9r\u00eats.<\/p><h3>Acc\u00e8s au site<\/h3><p>L\u2019utilisateur du site hotel-lemitigana.fr reconnait disposer de la comp\u00e9tence et des moyens n\u00e9cessaires pour acc\u00e9der et utiliser ce site.<\/p><p>H\u00d4TEL LE MITIGANA\u00a0ne saurait \u00eatre tenu responsable des \u00e9l\u00e9ments et \u00e9v\u00e8nements en dehors de son contr\u00f4le li\u00e9s \u00e0 l\u2019utilisation du site et de leurs effets ou des incompatibilit\u00e9s mat\u00e9rielles et\/ou logicielles et des dommages qui pourraient \u00e9ventuellement en r\u00e9sulter pour l\u2019environnement technique de l\u2019utilisateur, notamment pour ses ordinateurs, logiciels, \u00e9quipements r\u00e9seaux et tout autre mat\u00e9riel utilis\u00e9 pour acc\u00e9der ou utiliser le service et\/ou les informations.<\/p><p>Il est rappel\u00e9 que le fait d\u2019acc\u00e9der ou de se maintenir frauduleusement dans un syst\u00e8me informatique, d\u2019entraver ou de fausser le fonctionnement, d\u2019introduire ou de modifier frauduleusement des donn\u00e9es d\u2019un tel syst\u00e8me constitue un d\u00e9lit passible de sanctions p\u00e9nales.<\/p><h3>Liens Hypertextes<\/h3><p>Le site hotel-lemitigana.fr\u00a0autorise la mise en place d\u2019un lien hypertexte portant vers son contenu, sous r\u00e9serve :<\/p><ul><li>d\u2019autorisation du directeur de la publication du site;<\/li><li>de ne pas utiliser la technique du lien profond (\u00ab deep linking \u00bb), c\u2019est-\u00e0-dire que les pages du site hotel-lemitigana.fr ne doivent pas \u00eatre imbriqu\u00e9es \u00e0 l\u2019int\u00e9rieur des pages d\u2019un autre site, mais accessibles par l\u2019ouverture d\u2019une fen\u00eatre d\u00e9di\u00e9e;<\/li><li>de mentionner la source qui pointera gr\u00e2ce \u00e0 un lien hypertexte directement sur le contenu vis\u00e9.<\/li><\/ul><p>Toute utilisation \u00e0 des fins commerciales ou publicitaires est exclue \u00e0 l\u2019exception des dispositions pr\u00e9vues.<\/p><p>Cette autorisation ne s\u2019applique pas aux sites Internet diffusant des informations \u00e0 caract\u00e8re pol\u00e9mique, pornographique, x\u00e9nophobe ou pouvant, dans une large mesure, porter atteinte \u00e0 la sensibilit\u00e9 du plus grand nombre.<\/p><p>H\u00d4TEL LE MITIGANA \u00a0d\u00e9cline toute responsabilit\u00e9 quant au contenu des sites propos\u00e9s en liens, quel que soit le type de lien \u00e9tabli \u00e0 partir, ou vers hotel-lemitigana.fr.<br \/>H\u00d4TEL LE MITIGANA \u00a0se r\u00e9serve le droit de s\u2019opposer \u00e0 son \u00e9tablissement.<\/p><h3>Protection des donn\u00e9es personnelles<\/h3><p>Toutes les donn\u00e9es collect\u00e9es sur ce site, par quelque moyen que ce soit, sont \u00e0 l\u2019usage r\u00e9serv\u00e9 de la soci\u00e9t\u00e9\u00a0H\u00d4TEL LE MITIGANA.<\/p><p>Conform\u00e9ment \u00e0 l\u2019article 34 de la loi 78-17 Informatique et Libert\u00e9s du 6 janvier 1978 modifi\u00e9e et le R\u00e8glement G\u00e9n\u00e9ral sur la Protection des Donn\u00e9es (R\u00e8glement UE 2016\/679) ou \u00ab RGPD \u00bb, vous disposez d\u2019un droit d\u2019acc\u00e8s, de modification, de rectification et de suppression des donn\u00e9es vous concernant.<\/p><p>Pour exercer ce droit, contactez-nous par e-mail \u00e0 : <a href=\"mailto:contact@hotel-lemitigana.fr\">contact@hotel-lemitigana.fr<\/a><\/p><h3>Formulaire<\/h3><p>Les informations recueillies sur ce site par l\u2019interm\u00e9diaire des formulaires font l\u2019objet d\u2019un traitement informatique destin\u00e9 \u00e0 l\u2019\u00e9laboration d\u2019une proposition commerciale.<br \/>Le destinataire des donn\u00e9es est :\u00a0H\u00d4TEL LE MITIGANA<br \/>Conform\u00e9ment \u00e0 la loi Informatique et Libert\u00e9s du 6 janvier 1978, vous b\u00e9n\u00e9ficiez d\u2019un droit d\u2019acc\u00e8s et de rectification aux informations qui vous concernent.<br \/>Si vous souhaitez exercer ce droit et obtenir communication des informations vous concernant, contactez-nous \u00e0 l\u2019adresse ci-dessus.<\/p><h3>Copyrights<\/h3><p>Tous droits r\u00e9serv\u00e9s \u00a9 Communik&amp;Vous.<\/p><h3>Cookies<\/h3><p>Si vous d\u00e9posez un commentaire sur notre site, il vous sera propos\u00e9 d\u2019enregistrer votre nom, adresse de messagerie et site web dans des cookies. C\u2019est uniquement pour votre confort afin de ne pas avoir \u00e0 saisir ces informations si vous d\u00e9posez un autre commentaire plus tard.<\/p><p>Ces cookies expirent au bout d\u2019un an.<\/p><p>Si vous vous rendez sur la page de connexion, un cookie temporaire sera cr\u00e9\u00e9 afin de d\u00e9terminer si votre navigateur accepte les cookies. Il ne contient pas de donn\u00e9es personnelles et sera supprim\u00e9 automatiquement \u00e0 la fermeture de votre navigateur.<\/p><p>Lorsque vous vous connecterez, nous mettrons en place un certain nombre de cookies pour enregistrer vos informations de connexion et vos pr\u00e9f\u00e9rences d\u2019\u00e9cran. La dur\u00e9e de vie d\u2019un cookie de connexion est de deux jours, celle d\u2019un cookie d\u2019option d\u2019\u00e9cran est d\u2019un an. Si vous cochez \u00ab\u00a0Se souvenir de moi\u00a0\u00bb, votre cookie de connexion sera conserv\u00e9 pendant deux semaines. Si vous vous d\u00e9connectez de votre compte, le cookie de connexion sera effac\u00e9.<\/p><p>En modifiant ou en publiant une publication, un cookie suppl\u00e9mentaire sera enregistr\u00e9 dans votre navigateur. Ce cookie ne comprend aucune donn\u00e9e personnelle. Il indique simplement l\u2019ID de la publication que vous venez de modifier. Il expire au bout d\u2019un jour.<\/p><\/div>\t\t\t\t\t\t\t\t<\/div>\n\t\t\t\t<\/div>\n\t\t\t\t\t<\/div>\n\t\t<\/div>\n\t\t\t\t\t<\/div>\n\t\t<\/section>\n\t\t\t\t<\/div>\n\t\t","protected":false},"excerpt":{"rendered":"<p>Identification de l\u2019\u00e9diteur du site Soci\u00e9t\u00e9 : H\u00f4tel Le Mitigana Adresse postale : 16 Avenue Roger Salengro89400 Migennes Si\u00e8ge social : FRANCE T\u00e9l\u00e9phone : +33 (0)3 58 44 90 11 Adresse \u00e9lectronique (Courriel) : contact@hotel-lemitigana.fr\u00a0 Immatricul\u00e9e au RCS sous SIREN : RCS SENS SIRET : 89460081600017 N RCS : Sens B 894\u00a0600\u00a0816 Capital social : [&hellip;]<\/p>\n","protected":false},"author":1,"featured_media":0,"parent":0,"menu_order":0,"comment_status":"closed","ping_status":"closed","template":"","meta":{"footnotes":""},"class_list":["post-11194","page","type-page","status-publish","hentry"],"yoast_head":"<!-- This site is optimized with the Yoast SEO plugin v25.1 - https:\/\/yoast.com\/wordpress\/plugins\/seo\/ -->\n<title>Mentions L\u00e9gales - Le Mitigana - H\u00f4tel Restaurant *** \u00e0 Migennes<\/title>\n<meta name=\"description\" content=\"Mentions L\u00e9gales : Identification de l\u2019\u00e9diteur du site : H\u00f4tel Le Mitigana - R\u00e9alisation du site &amp; H\u00e9bergement : COMMUNIK&amp;VOUS\" \/>\n<meta name=\"robots\" content=\"index, follow, max-snippet:-1, max-image-preview:large, max-video-preview:-1\" \/>\n<link rel=\"canonical\" href=\"https:\/\/hotel-lemitigana.fr\/index.php\/mentions-legales\/\" \/>\n<meta property=\"og:locale\" content=\"fr_FR\" \/>\n<meta property=\"og:type\" content=\"article\" \/>\n<meta property=\"og:title\" content=\"Mentions L\u00e9gales - Le Mitigana - H\u00f4tel Restaurant *** \u00e0 Migennes\" \/>\n<meta property=\"og:description\" content=\"Mentions L\u00e9gales : Identification de l\u2019\u00e9diteur du site : H\u00f4tel Le Mitigana - R\u00e9alisation du site &amp; H\u00e9bergement : COMMUNIK&amp;VOUS\" \/>\n<meta property=\"og:url\" content=\"https:\/\/hotel-lemitigana.fr\/index.php\/mentions-legales\/\" \/>\n<meta property=\"og:site_name\" content=\"H\u00f4tel Restaurant Le Mitigana\" \/>\n<meta property=\"article:modified_time\" content=\"2021-10-20T19:05:18+00:00\" \/>\n<meta name=\"twitter:card\" content=\"summary_large_image\" \/>\n<meta name=\"twitter:label1\" content=\"Dur\u00e9e de lecture estim\u00e9e\" \/>\n\t<meta name=\"twitter:data1\" content=\"7 minutes\" \/>\n<script type=\"application\/ld+json\" class=\"yoast-schema-graph\">{\"@context\":\"https:\/\/schema.org\",\"@graph\":[{\"@type\":\"WebPage\",\"@id\":\"https:\/\/hotel-lemitigana.fr\/index.php\/mentions-legales\/\",\"url\":\"https:\/\/hotel-lemitigana.fr\/index.php\/mentions-legales\/\",\"name\":\"Mentions L\u00e9gales - Le Mitigana - H\u00f4tel Restaurant *** \u00e0 Migennes\",\"isPartOf\":{\"@id\":\"https:\/\/hotel-lemitigana.fr\/#website\"},\"datePublished\":\"2021-07-15T13:36:17+00:00\",\"dateModified\":\"2021-10-20T19:05:18+00:00\",\"description\":\"Mentions L\u00e9gales : Identification de l\u2019\u00e9diteur du site : H\u00f4tel Le Mitigana - R\u00e9alisation du site & H\u00e9bergement : COMMUNIK&VOUS\",\"breadcrumb\":{\"@id\":\"https:\/\/hotel-lemitigana.fr\/index.php\/mentions-legales\/#breadcrumb\"},\"inLanguage\":\"fr-FR\",\"potentialAction\":[{\"@type\":\"ReadAction\",\"target\":[\"https:\/\/hotel-lemitigana.fr\/index.php\/mentions-legales\/\"]}]},{\"@type\":\"BreadcrumbList\",\"@id\":\"https:\/\/hotel-lemitigana.fr\/index.php\/mentions-legales\/#breadcrumb\",\"itemListElement\":[{\"@type\":\"ListItem\",\"position\":1,\"name\":\"Accueil\",\"item\":\"https:\/\/hotel-lemitigana.fr\/\"},{\"@type\":\"ListItem\",\"position\":2,\"name\":\"Mentions L\u00e9gales\"}]},{\"@type\":\"WebSite\",\"@id\":\"https:\/\/hotel-lemitigana.fr\/#website\",\"url\":\"https:\/\/hotel-lemitigana.fr\/\",\"name\":\"H\u00f4tel Restaurant Le Mitigana\",\"description\":\"Restaurant \u00e0 Migennes\",\"publisher\":{\"@id\":\"https:\/\/hotel-lemitigana.fr\/#organization\"},\"potentialAction\":[{\"@type\":\"SearchAction\",\"target\":{\"@type\":\"EntryPoint\",\"urlTemplate\":\"https:\/\/hotel-lemitigana.fr\/?s={search_term_string}\"},\"query-input\":{\"@type\":\"PropertyValueSpecification\",\"valueRequired\":true,\"valueName\":\"search_term_string\"}}],\"inLanguage\":\"fr-FR\"},{\"@type\":\"Organization\",\"@id\":\"https:\/\/hotel-lemitigana.fr\/#organization\",\"name\":\"H\u00f4tel Restaurant Le Mitigana\",\"url\":\"https:\/\/hotel-lemitigana.fr\/\",\"logo\":{\"@type\":\"ImageObject\",\"inLanguage\":\"fr-FR\",\"@id\":\"https:\/\/hotel-lemitigana.fr\/#\/schema\/logo\/image\/\",\"url\":\"https:\/\/hotel-lemitigana.fr\/wp-content\/uploads\/2021\/07\/cropped-Logo-hotel-restaurant-le-mitigana.png\",\"contentUrl\":\"https:\/\/hotel-lemitigana.fr\/wp-content\/uploads\/2021\/07\/cropped-Logo-hotel-restaurant-le-mitigana.png\",\"width\":600,\"height\":152,\"caption\":\"H\u00f4tel Restaurant Le Mitigana\"},\"image\":{\"@id\":\"https:\/\/hotel-lemitigana.fr\/#\/schema\/logo\/image\/\"}}]}<\/script>\n<!-- \/ Yoast SEO plugin. -->","yoast_head_json":{"title":"Mentions L\u00e9gales - Le Mitigana - H\u00f4tel Restaurant *** \u00e0 Migennes","description":"Mentions L\u00e9gales : Identification de l\u2019\u00e9diteur du site : H\u00f4tel Le Mitigana - R\u00e9alisation du site & H\u00e9bergement : COMMUNIK&VOUS","robots":{"index":"index","follow":"follow","max-snippet":"max-snippet:-1","max-image-preview":"max-image-preview:large","max-video-preview":"max-video-preview:-1"},"canonical":"https:\/\/hotel-lemitigana.fr\/index.php\/mentions-legales\/","og_locale":"fr_FR","og_type":"article","og_title":"Mentions L\u00e9gales - Le Mitigana - H\u00f4tel Restaurant *** \u00e0 Migennes","og_description":"Mentions L\u00e9gales : Identification de l\u2019\u00e9diteur du site : H\u00f4tel Le Mitigana - R\u00e9alisation du site & H\u00e9bergement : COMMUNIK&VOUS","og_url":"https:\/\/hotel-lemitigana.fr\/index.php\/mentions-legales\/","og_site_name":"H\u00f4tel Restaurant Le Mitigana","article_modified_time":"2021-10-20T19:05:18+00:00","twitter_card":"summary_large_image","twitter_misc":{"Dur\u00e9e de lecture estim\u00e9e":"7 minutes"},"schema":{"@context":"https:\/\/schema.org","@graph":[{"@type":"WebPage","@id":"https:\/\/hotel-lemitigana.fr\/index.php\/mentions-legales\/","url":"https:\/\/hotel-lemitigana.fr\/index.php\/mentions-legales\/","name":"Mentions L\u00e9gales - Le Mitigana - H\u00f4tel Restaurant *** \u00e0 Migennes","isPartOf":{"@id":"https:\/\/hotel-lemitigana.fr\/#website"},"datePublished":"2021-07-15T13:36:17+00:00","dateModified":"2021-10-20T19:05:18+00:00","description":"Mentions L\u00e9gales : Identification de l\u2019\u00e9diteur du site : H\u00f4tel Le Mitigana - R\u00e9alisation du site & H\u00e9bergement : COMMUNIK&VOUS","breadcrumb":{"@id":"https:\/\/hotel-lemitigana.fr\/index.php\/mentions-legales\/#breadcrumb"},"inLanguage":"fr-FR","potentialAction":[{"@type":"ReadAction","target":["https:\/\/hotel-lemitigana.fr\/index.php\/mentions-legales\/"]}]},{"@type":"BreadcrumbList","@id":"https:\/\/hotel-lemitigana.fr\/index.php\/mentions-legales\/#breadcrumb","itemListElement":[{"@type":"ListItem","position":1,"name":"Accueil","item":"https:\/\/hotel-lemitigana.fr\/"},{"@type":"ListItem","position":2,"name":"Mentions L\u00e9gales"}]},{"@type":"WebSite","@id":"https:\/\/hotel-lemitigana.fr\/#website","url":"https:\/\/hotel-lemitigana.fr\/","name":"H\u00f4tel Restaurant Le Mitigana","description":"Restaurant \u00e0 Migennes","publisher":{"@id":"https:\/\/hotel-lemitigana.fr\/#organization"},"potentialAction":[{"@type":"SearchAction","target":{"@type":"EntryPoint","urlTemplate":"https:\/\/hotel-lemitigana.fr\/?s={search_term_string}"},"query-input":{"@type":"PropertyValueSpecification","valueRequired":true,"valueName":"search_term_string"}}],"inLanguage":"fr-FR"},{"@type":"Organization","@id":"https:\/\/hotel-lemitigana.fr\/#organization","name":"H\u00f4tel Restaurant Le Mitigana","url":"https:\/\/hotel-lemitigana.fr\/","logo":{"@type":"ImageObject","inLanguage":"fr-FR","@id":"https:\/\/hotel-lemitigana.fr\/#\/schema\/logo\/image\/","url":"https:\/\/hotel-lemitigana.fr\/wp-content\/uploads\/2021\/07\/cropped-Logo-hotel-restaurant-le-mitigana.png","contentUrl":"https:\/\/hotel-lemitigana.fr\/wp-content\/uploads\/2021\/07\/cropped-Logo-hotel-restaurant-le-mitigana.png","width":600,"height":152,"caption":"H\u00f4tel Restaurant Le Mitigana"},"image":{"@id":"https:\/\/hotel-lemitigana.fr\/#\/schema\/logo\/image\/"}}]}},"_links":{"self":[{"href":"https:\/\/hotel-lemitigana.fr\/index.php\/wp-json\/wp\/v2\/pages\/11194","targetHints":{"allow":["GET"]}}],"collection":[{"href":"https:\/\/hotel-lemitigana.fr\/index.php\/wp-json\/wp\/v2\/pages"}],"about":[{"href":"https:\/\/hotel-lemitigana.fr\/index.php\/wp-json\/wp\/v2\/types\/page"}],"author":[{"embeddable":true,"href":"https:\/\/hotel-lemitigana.fr\/index.php\/wp-json\/wp\/v2\/users\/1"}],"replies":[{"embeddable":true,"href":"https:\/\/hotel-lemitigana.fr\/index.php\/wp-json\/wp\/v2\/comments?post=11194"}],"version-history":[{"count":18,"href":"https:\/\/hotel-lemitigana.fr\/index.php\/wp-json\/wp\/v2\/pages\/11194\/revisions"}],"predecessor-version":[{"id":12434,"href":"https:\/\/hotel-lemitigana.fr\/index.php\/wp-json\/wp\/v2\/pages\/11194\/revisions\/12434"}],"wp:attachment":[{"href":"https:\/\/hotel-lemitigana.fr\/index.php\/wp-json\/wp\/v2\/media?parent=11194"}],"curies":[{"name":"wp","href":"https:\/\/api.w.org\/{rel}","templated":true}]}}